{"id":1120,"date":"2024-04-07T22:48:02","date_gmt":"2024-04-07T22:48:02","guid":{"rendered":"https:\/\/hoyventas.com\/?post_type=product&#038;p=1120"},"modified":"2024-04-07T22:48:02","modified_gmt":"2024-04-07T22:48:02","slug":"set-juego-de-bombero-10-piezas","status":"publish","type":"product","link":"https:\/\/hoyventas.com\/index.php\/product\/set-juego-de-bombero-10-piezas\/","title":{"rendered":"Set Juego De Bombero 10 Piezas"},"content":{"rendered":"<p>Este Set Juego De Bombero 10 Piezas Para Ni\u00f1os Bomberito es perfecto para los peque\u00f1os amantes de la acci\u00f3n y la aventura.<br \/>\nCon este completo set, los ni\u00f1os podr\u00e1n convertirse en verdaderos bomberos y vivir emocionantes historias de rescate.<\/p>\n<p>El set incluye 10 piezas que permiten a los ni\u00f1os recrear situaciones de emergencia de manera realista.<\/p>\n<p>Este juego es ideal para ni\u00f1os a partir de 3 a\u00f1os, ya que les permite desarrollar su imaginaci\u00f3n y habilidades motoras mientras juegan. Adem\u00e1s, les ense\u00f1a sobre la importancia del trabajo en equipo y la valent\u00eda de los bomberos.<\/p>\n<p>No pierdas la oportunidad de regalarle a tu hijo horas de diversi\u00f3n y aprendizaje con este incre\u00edble set de bombero.<br \/>\n\u00a1Haz que se sienta como un verdadero h\u00e9roe y deja volar su imaginaci\u00f3n!<\/p>\n<p>Contiene: 10pcs.<br \/>\nEn bolsa<br \/>\nMascara con el\u00e1sticos : 16 cm x 15 cm<br \/>\nhacha: 27 cm<br \/>\nCuchillo: 22cm<br \/>\ncarama\u00f1ola (de juguete): 5 cm x 9 cm<br \/>\nU\u00f1a: 30 cm<br \/>\nBombero: 20 cm<br \/>\nBr\u00fajula (de juguete)<br \/>\nSilbato<br \/>\nplaca<br \/>\nReloj (de juguete)<\/p>\n","protected":false},"excerpt":{"rendered":"<p>Este Set Juego De Bombero 10 Piezas Para Ni\u00f1os Bomberito es perfecto para los peque\u00f1os amantes de la acci\u00f3n y la aventura. Con este completo set, los ni\u00f1os podr\u00e1n convertirse en verdaderos bomberos y vivir emocionantes historias de rescate. El set incluye 10 piezas que permiten a los ni\u00f1os recrear situaciones de emergencia de manera [&hellip;]<\/p>\n","protected":false},"featured_media":1121,"template":"","meta":{"site-sidebar-layout":"default","site-content-layout":"","ast-site-content-layout":"default","site-content-style":"default","site-sidebar-style":"default","ast-global-header-display":"","ast-banner-title-visibility":"","ast-main-header-display":"","ast-hfb-above-header-display":"","ast-hfb-below-header-display":"","ast-hfb-mobile-header-display":"","site-post-title":"","ast-breadcrumbs-content":"","ast-featured-img":"","footer-sml-layout":"","theme-transparent-header-meta":"default","adv-header-id-meta":"","stick-header-meta":"","header-above-stick-meta":"","header-main-stick-meta":"","header-below-stick-meta":"","astra-migrate-meta-layouts":"set","ast-page-background-enabled":"default","ast-page-background-meta":{"desktop":{"background-color":"var(--ast-global-color-4)","background-image":"","background-repeat":"repeat","background-position":"center center","background-size":"auto","background-attachment":"scroll","background-type":"","background-media":"","overlay-type":"","overlay-color":"","overlay-opacity":"","overlay-gradient":""},"tablet":{"background-color":"","background-image":"","background-repeat":"repeat","background-position":"center center","background-size":"auto","background-attachment":"scroll","background-type":"","background-media":"","overlay-type":"","overlay-color":"","overlay-opacity":"","overlay-gradient":""},"mobile":{"background-color":"","background-image":"","background-repeat":"repeat","background-position":"center center","background-size":"auto","background-attachment":"scroll","background-type":"","background-media":"","overlay-type":"","overlay-color":"","overlay-opacity":"","overlay-gradient":""}},"ast-content-background-meta":{"desktop":{"background-color":"var(--ast-global-color-5)","background-image":"","background-repeat":"repeat","background-position":"center center","background-size":"auto","background-attachment":"scroll","background-type":"","background-media":"","overlay-type":"","overlay-color":"","overlay-opacity":"","overlay-gradient":""},"tablet":{"background-color":"var(--ast-global-color-5)","background-image":"","background-repeat":"repeat","background-position":"center center","background-size":"auto","background-attachment":"scroll","background-type":"","background-media":"","overlay-type":"","overlay-color":"","overlay-opacity":"","overlay-gradient":""},"mobile":{"background-color":"var(--ast-global-color-5)","background-image":"","background-repeat":"repeat","background-position":"center center","background-size":"auto","background-attachment":"scroll","background-type":"","background-media":"","overlay-type":"","overlay-color":"","overlay-opacity":"","overlay-gradient":""}},"_joinchat":[]},"product_brand":[],"product_cat":[90],"product_tag":[],"class_list":{"0":"post-1120","1":"product","2":"type-product","3":"status-publish","4":"has-post-thumbnail","6":"product_cat-bebes-y-ninos","7":"desktop-align-left","8":"tablet-align-left","9":"mobile-align-left","11":"first","12":"instock","13":"shipping-taxable","14":"purchasable","15":"product-type-simple"},"_links":{"self":[{"href":"https:\/\/hoyventas.com\/index.php\/wp-json\/wp\/v2\/product\/1120","targetHints":{"allow":["GET"]}}],"collection":[{"href":"https:\/\/hoyventas.com\/index.php\/wp-json\/wp\/v2\/product"}],"about":[{"href":"https:\/\/hoyventas.com\/index.php\/wp-json\/wp\/v2\/types\/product"}],"wp:featuredmedia":[{"embeddable":true,"href":"https:\/\/hoyventas.com\/index.php\/wp-json\/wp\/v2\/media\/1121"}],"wp:attachment":[{"href":"https:\/\/hoyventas.com\/index.php\/wp-json\/wp\/v2\/media?parent=1120"}],"wp:term":[{"taxonomy":"product_brand","embeddable":true,"href":"https:\/\/hoyventas.com\/index.php\/wp-json\/wp\/v2\/product_brand?post=1120"},{"taxonomy":"product_cat","embeddable":true,"href":"https:\/\/hoyventas.com\/index.php\/wp-json\/wp\/v2\/product_cat?post=1120"},{"taxonomy":"product_tag","embeddable":true,"href":"https:\/\/hoyventas.com\/index.php\/wp-json\/wp\/v2\/product_tag?post=1120"}],"curies":[{"name":"wp","href":"https:\/\/api.w.org\/{rel}","templated":true}]}}