{"id":1127,"date":"2024-04-07T22:57:24","date_gmt":"2024-04-07T22:57:24","guid":{"rendered":"https:\/\/hoyventas.com\/?post_type=product&#038;p=1127"},"modified":"2024-04-07T22:57:24","modified_gmt":"2024-04-07T22:57:24","slug":"bloques-para-encastrar-para-ninos-48-piezas-incluye-rueditas","status":"publish","type":"product","link":"https:\/\/hoyventas.com\/index.php\/product\/bloques-para-encastrar-para-ninos-48-piezas-incluye-rueditas\/","title":{"rendered":"Bloques Para Encastrar Para Ni\u00f1os 48 Piezas Incluye Rueditas"},"content":{"rendered":"<p>Los Bloques Para Encastrar Para Ni\u00f1os son el juguete perfecto para estimular la creatividad y la imaginaci\u00f3n de los m\u00e1s peque\u00f1os.<br \/>\nCon un total de 48 piezas, incluyendo rueditas, estos bloques son ideales para que los ni\u00f1os construyan todo lo que puedan imaginar.<\/p>\n<p>Fabricados con materiales de alta calidad, estos bloques son seguros y duraderos, garantizando horas de diversi\u00f3n sin preocupaciones. Adem\u00e1s, su dise\u00f1o apilable permite a los ni\u00f1os desarrollar habilidades motoras y de coordinaci\u00f3n mientras juegan.<\/p>\n<p>Recomendados para ni\u00f1os a partir de 3 a\u00f1os, estos bloques son una excelente opci\u00f3n para regalar en cualquier ocasi\u00f3n. Su modelo de ladrillos cl\u00e1sicos es atemporal y nunca pasa de moda, permitiendo a los ni\u00f1os crear todo tipo de estructuras y formas.<\/p>\n<p>\u00a1No esperes m\u00e1s y regala a tus hijos la oportunidad de aprender jugando!<\/p>\n<p>Contiene 48 piezas de variadas formas y colores.<br \/>\n(Incluye Rueditas)<br \/>\nLos bloques mas grandes miden 9 cm de largo<br \/>\nLos bloques medianos miden 6 cm de largo<br \/>\nLos bloques mas chicos miden 3 cm de largo<\/p>\n","protected":false},"excerpt":{"rendered":"<p>Los Bloques Para Encastrar Para Ni\u00f1os son el juguete perfecto para estimular la creatividad y la imaginaci\u00f3n de los m\u00e1s peque\u00f1os. Con un total de 48 piezas, incluyendo rueditas, estos bloques son ideales para que los ni\u00f1os construyan todo lo que puedan imaginar. Fabricados con materiales de alta calidad, estos bloques son seguros y duraderos, [&hellip;]<\/p>\n","protected":false},"featured_media":1128,"template":"","meta":{"site-sidebar-layout":"default","site-content-layout":"","ast-site-content-layout":"default","site-content-style":"default","site-sidebar-style":"default","ast-global-header-display":"","ast-banner-title-visibility":"","ast-main-header-display":"","ast-hfb-above-header-display":"","ast-hfb-below-header-display":"","ast-hfb-mobile-header-display":"","site-post-title":"","ast-breadcrumbs-content":"","ast-featured-img":"","footer-sml-layout":"","theme-transparent-header-meta":"default","adv-header-id-meta":"","stick-header-meta":"","header-above-stick-meta":"","header-main-stick-meta":"","header-below-stick-meta":"","astra-migrate-meta-layouts":"set","ast-page-background-enabled":"default","ast-page-background-meta":{"desktop":{"background-color":"var(--ast-global-color-4)","background-image":"","background-repeat":"repeat","background-position":"center center","background-size":"auto","background-attachment":"scroll","background-type":"","background-media":"","overlay-type":"","overlay-color":"","overlay-opacity":"","overlay-gradient":""},"tablet":{"background-color":"","background-image":"","background-repeat":"repeat","background-position":"center center","background-size":"auto","background-attachment":"scroll","background-type":"","background-media":"","overlay-type":"","overlay-color":"","overlay-opacity":"","overlay-gradient":""},"mobile":{"background-color":"","background-image":"","background-repeat":"repeat","background-position":"center center","background-size":"auto","background-attachment":"scroll","background-type":"","background-media":"","overlay-type":"","overlay-color":"","overlay-opacity":"","overlay-gradient":""}},"ast-content-background-meta":{"desktop":{"background-color":"var(--ast-global-color-5)","background-image":"","background-repeat":"repeat","background-position":"center center","background-size":"auto","background-attachment":"scroll","background-type":"","background-media":"","overlay-type":"","overlay-color":"","overlay-opacity":"","overlay-gradient":""},"tablet":{"background-color":"var(--ast-global-color-5)","background-image":"","background-repeat":"repeat","background-position":"center center","background-size":"auto","background-attachment":"scroll","background-type":"","background-media":"","overlay-type":"","overlay-color":"","overlay-opacity":"","overlay-gradient":""},"mobile":{"background-color":"var(--ast-global-color-5)","background-image":"","background-repeat":"repeat","background-position":"center center","background-size":"auto","background-attachment":"scroll","background-type":"","background-media":"","overlay-type":"","overlay-color":"","overlay-opacity":"","overlay-gradient":""}},"_joinchat":[]},"product_brand":[],"product_cat":[90],"product_tag":[121,139,113,112,138],"class_list":{"0":"post-1127","1":"product","2":"type-product","3":"status-publish","4":"has-post-thumbnail","6":"product_cat-bebes-y-ninos","7":"product_tag-juego","8":"product_tag-lego","9":"product_tag-nina","10":"product_tag-nino","11":"product_tag-puzle","12":"desktop-align-left","13":"tablet-align-left","14":"mobile-align-left","16":"first","17":"instock","18":"shipping-taxable","19":"purchasable","20":"product-type-simple"},"_links":{"self":[{"href":"https:\/\/hoyventas.com\/index.php\/wp-json\/wp\/v2\/product\/1127","targetHints":{"allow":["GET"]}}],"collection":[{"href":"https:\/\/hoyventas.com\/index.php\/wp-json\/wp\/v2\/product"}],"about":[{"href":"https:\/\/hoyventas.com\/index.php\/wp-json\/wp\/v2\/types\/product"}],"wp:featuredmedia":[{"embeddable":true,"href":"https:\/\/hoyventas.com\/index.php\/wp-json\/wp\/v2\/media\/1128"}],"wp:attachment":[{"href":"https:\/\/hoyventas.com\/index.php\/wp-json\/wp\/v2\/media?parent=1127"}],"wp:term":[{"taxonomy":"product_brand","embeddable":true,"href":"https:\/\/hoyventas.com\/index.php\/wp-json\/wp\/v2\/product_brand?post=1127"},{"taxonomy":"product_cat","embeddable":true,"href":"https:\/\/hoyventas.com\/index.php\/wp-json\/wp\/v2\/product_cat?post=1127"},{"taxonomy":"product_tag","embeddable":true,"href":"https:\/\/hoyventas.com\/index.php\/wp-json\/wp\/v2\/product_tag?post=1127"}],"curies":[{"name":"wp","href":"https:\/\/api.w.org\/{rel}","templated":true}]}}