{"id":1160,"date":"2024-04-08T00:43:55","date_gmt":"2024-04-08T00:43:55","guid":{"rendered":"https:\/\/hoyventas.com\/?post_type=product&#038;p=1160"},"modified":"2025-11-13T13:36:13","modified_gmt":"2025-11-13T13:36:13","slug":"set-proteccion-lentes-seguridad-orejera-tapa-boca","status":"publish","type":"product","link":"https:\/\/hoyventas.com\/index.php\/product\/set-proteccion-lentes-seguridad-orejera-tapa-boca\/","title":{"rendered":"Set Protecci\u00f3n Lentes Seguridad Orejera Tapa Boca"},"content":{"rendered":"<p>El Set de Protecci\u00f3n Lentes Seguridad Orejera Tapa Boca de la marca Makawa es el complemento perfecto para garantizar tu seguridad en cualquier situaci\u00f3n. Con su modelo mk 0094, este set te brinda una protecci\u00f3n completa y confiable.<\/p>\n<p>Este set de protecci\u00f3n es ideal para diversos usos, ya sea en el trabajo, en actividades al aire libre o en situaciones que requieran protecci\u00f3n adicional.<\/p>\n<p>No importa el tipo de tratamiento del cristal o el tipo de ventilaci\u00f3n que necesites, este set de protecci\u00f3n se adapta a tus necesidades.<\/p>\n<p>No arriesgues tu seguridad, adquiere ahora el Set de Protecci\u00f3n Lentes Seguridad Orejera Tapa Boca de Makawa y protege tus ojos y boca de cualquier peligro.<\/p>\n<p>Kit de Seguridad Industrial para uso de protecci\u00f3n laboral 3 piezas.<\/p>\n<p>Los equipos y herramientas deben ser utilizados con la precauci\u00f3n de seguridad sugeridos y el uso de los elementos necesarios de protecci\u00f3n.<\/p>\n<p>Material: Pl\u00e1stico y goma Color: Rojo, negro, azul y blanco<br \/>\nCantidad de piezas: 3 Piezas<br \/>\n&#8211; Protector anti polvo, con filtro de papel, armaz\u00f3n de pl\u00e1stico azul y con el\u00e1stico para ajustar en la cabeza.<br \/>\n&#8211; Gafa de protecci\u00f3n, armaz\u00f3n de goma transparente con acr\u00edlico en la parte de los ojos y el\u00e1stico para ajustar en la cabeza.<br \/>\n&#8211; Protector de oreja, vincha de pl\u00e1stico ajustable negra, orejeras de pl\u00e1stico rojas con polifon en la parte interior.<br \/>\nPresentaci\u00f3n: En bl\u00edster<\/p>\n","protected":false},"excerpt":{"rendered":"<p>El Set de Protecci\u00f3n Lentes Seguridad Orejera Tapa Boca de la marca Makawa es el complemento perfecto para garantizar tu seguridad en cualquier situaci\u00f3n. Con su modelo mk 0094, este set te brinda una protecci\u00f3n completa y confiable. Este set de protecci\u00f3n es ideal para diversos usos, ya sea en el trabajo, en actividades al [&hellip;]<\/p>\n","protected":false},"featured_media":1161,"template":"","meta":{"site-sidebar-layout":"default","site-content-layout":"","ast-site-content-layout":"default","site-content-style":"default","site-sidebar-style":"default","ast-global-header-display":"","ast-banner-title-visibility":"","ast-main-header-display":"","ast-hfb-above-header-display":"","ast-hfb-below-header-display":"","ast-hfb-mobile-header-display":"","site-post-title":"","ast-breadcrumbs-content":"","ast-featured-img":"","footer-sml-layout":"","theme-transparent-header-meta":"default","adv-header-id-meta":"","stick-header-meta":"","header-above-stick-meta":"","header-main-stick-meta":"","header-below-stick-meta":"","astra-migrate-meta-layouts":"set","ast-page-background-enabled":"default","ast-page-background-meta":{"desktop":{"background-color":"var(--ast-global-color-4)","background-image":"","background-repeat":"repeat","background-position":"center center","background-size":"auto","background-attachment":"scroll","background-type":"","background-media":"","overlay-type":"","overlay-color":"","overlay-opacity":"","overlay-gradient":""},"tablet":{"background-color":"","background-image":"","background-repeat":"repeat","background-position":"center center","background-size":"auto","background-attachment":"scroll","background-type":"","background-media":"","overlay-type":"","overlay-color":"","overlay-opacity":"","overlay-gradient":""},"mobile":{"background-color":"","background-image":"","background-repeat":"repeat","background-position":"center center","background-size":"auto","background-attachment":"scroll","background-type":"","background-media":"","overlay-type":"","overlay-color":"","overlay-opacity":"","overlay-gradient":""}},"ast-content-background-meta":{"desktop":{"background-color":"var(--ast-global-color-5)","background-image":"","background-repeat":"repeat","background-position":"center center","background-size":"auto","background-attachment":"scroll","background-type":"","background-media":"","overlay-type":"","overlay-color":"","overlay-opacity":"","overlay-gradient":""},"tablet":{"background-color":"var(--ast-global-color-5)","background-image":"","background-repeat":"repeat","background-position":"center center","background-size":"auto","background-attachment":"scroll","background-type":"","background-media":"","overlay-type":"","overlay-color":"","overlay-opacity":"","overlay-gradient":""},"mobile":{"background-color":"var(--ast-global-color-5)","background-image":"","background-repeat":"repeat","background-position":"center center","background-size":"auto","background-attachment":"scroll","background-type":"","background-media":"","overlay-type":"","overlay-color":"","overlay-opacity":"","overlay-gradient":""}},"_joinchat":[]},"product_brand":[],"product_cat":[17,147],"product_tag":[],"class_list":{"0":"post-1160","1":"product","2":"type-product","3":"status-publish","4":"has-post-thumbnail","6":"product_cat-herramientas","7":"product_cat-herramientas-2","8":"desktop-align-left","9":"tablet-align-left","10":"mobile-align-left","12":"first","13":"instock","14":"shipping-taxable","15":"purchasable","16":"product-type-simple"},"_links":{"self":[{"href":"https:\/\/hoyventas.com\/index.php\/wp-json\/wp\/v2\/product\/1160","targetHints":{"allow":["GET"]}}],"collection":[{"href":"https:\/\/hoyventas.com\/index.php\/wp-json\/wp\/v2\/product"}],"about":[{"href":"https:\/\/hoyventas.com\/index.php\/wp-json\/wp\/v2\/types\/product"}],"wp:featuredmedia":[{"embeddable":true,"href":"https:\/\/hoyventas.com\/index.php\/wp-json\/wp\/v2\/media\/1161"}],"wp:attachment":[{"href":"https:\/\/hoyventas.com\/index.php\/wp-json\/wp\/v2\/media?parent=1160"}],"wp:term":[{"taxonomy":"product_brand","embeddable":true,"href":"https:\/\/hoyventas.com\/index.php\/wp-json\/wp\/v2\/product_brand?post=1160"},{"taxonomy":"product_cat","embeddable":true,"href":"https:\/\/hoyventas.com\/index.php\/wp-json\/wp\/v2\/product_cat?post=1160"},{"taxonomy":"product_tag","embeddable":true,"href":"https:\/\/hoyventas.com\/index.php\/wp-json\/wp\/v2\/product_tag?post=1160"}],"curies":[{"name":"wp","href":"https:\/\/api.w.org\/{rel}","templated":true}]}}