{"id":1289,"date":"2024-04-23T01:03:43","date_gmt":"2024-04-23T01:03:43","guid":{"rendered":"https:\/\/hoyventas.com\/?post_type=product&#038;p=1289"},"modified":"2024-11-29T22:18:29","modified_gmt":"2024-11-29T22:18:29","slug":"trx-bandas-de-suspension-regulables-entrenamiento-funcional-pro-p3","status":"publish","type":"product","link":"https:\/\/hoyventas.com\/index.php\/product\/trx-bandas-de-suspension-regulables-entrenamiento-funcional-pro-p3\/","title":{"rendered":"Trx Bandas De Suspensi\u00f3n Regulables Entrenamiento Funcional PRO P3"},"content":{"rendered":"<p>Producto: Bandas De Suspensi\u00f3n Regulables Entrenamiento Funcional<\/p>\n<p>* Bandas de suspensi\u00f3n para entrenamiento tipo TRX Pro P3.<br \/>\n* Incluye:<br \/>\n&#8211; Sistema de suspensi\u00f3n ajustable.<br \/>\n&#8211; Extensiones de correa.<br \/>\n&#8211; Anclaje para puerta.<br \/>\n&#8211; Gu\u00eda de ejercicios.<br \/>\n&#8211; Bolso para transportar.<br \/>\n* Capacidad: 150 Kg.<br \/>\n* Regulable: 1,40 m &#8211; 2,28 m.<br \/>\n* Excelente calidad<br \/>\n* Doble agarre con espumas antideslizantes.<br \/>\n* Costuras reforzadas.<br \/>\n* Diferentes niveles de resistencia al variar la inclinaci\u00f3n y los topes para aumentar el largo de la cuerda.<br \/>\n* F\u00e1cil de instalar: Se puede fijar en puertas, \u00e1rboles o cualquier objeto resistente y seguro sin ning\u00fan problema.<br \/>\n* Actividad completa: Proporciona un entrenamiento especial de peso y ejercicio corporal completo a trav\u00e9s de la gravedad natural, lo que permite construir r\u00e1pidamente m\u00fasculos, quemar grasa, aumentar la resistencia y mejorar la flexibilidad del ejercicio. Puede ejercitar piernas, brazos, espalda, abdomen y gl\u00fateos.<br \/>\n* Recuperaci\u00f3n y disminuci\u00f3n del riesgo de lesiones: Fisioterapeutas, m\u00e9dicos especialistas del deporte y de rehabilitaci\u00f3n lo utilizan en los tratamientos de mejora. Adem\u00e1s, con este entrenamiento se trabajan los m\u00fasculos que permiten mantener la postura adecuada al realizar ejercicio y los m\u00fasculos estabilizadores, por lo que reduce el riesgo de que se produzcan lesiones.<br \/>\n* Ayuda frente a los problemas de espalda: La pr\u00e1ctica continua de este entrenamiento refuerza la zona lumbar, abdominal o la del pecho y como consecuencia reduce la lumbalgia y los dolores de espalda.<br \/>\n* P\u00e9rdida y control del peso: Al trabajar todas las partes del cuerpo requiere un gasto de energ\u00eda mayor.<br \/>\n* M\u00e1s tonificaci\u00f3n y fuerza: La utilizaci\u00f3n del propio peso corporal aumenta la fuerza y tonifica los grupos musculares.<br \/>\n* Ideal para usar en casa, gimnasio o de viaje.<br \/>\n* Medidas:<\/p>\n<p>* \u00a1Que el tiempo, lugar o espacio no sean un pretexto, todo lo que necesitas para un buen acondicionamiento f\u00edsico desde casa!<\/p>\n","protected":false},"excerpt":{"rendered":"<p>Producto: Bandas De Suspensi\u00f3n Regulables Entrenamiento Funcional * Bandas de suspensi\u00f3n para entrenamiento tipo TRX Pro P3. * Incluye: &#8211; Sistema de suspensi\u00f3n ajustable. &#8211; Extensiones de correa. &#8211; Anclaje para puerta. &#8211; Gu\u00eda de ejercicios. &#8211; Bolso para transportar. * Capacidad: 150 Kg. * Regulable: 1,40 m &#8211; 2,28 m. * Excelente calidad * [&hellip;]<\/p>\n","protected":false},"featured_media":1290,"template":"","meta":{"site-sidebar-layout":"default","site-content-layout":"","ast-site-content-layout":"default","site-content-style":"default","site-sidebar-style":"default","ast-global-header-display":"","ast-banner-title-visibility":"","ast-main-header-display":"","ast-hfb-above-header-display":"","ast-hfb-below-header-display":"","ast-hfb-mobile-header-display":"","site-post-title":"","ast-breadcrumbs-content":"","ast-featured-img":"","footer-sml-layout":"","theme-transparent-header-meta":"default","adv-header-id-meta":"","stick-header-meta":"","header-above-stick-meta":"","header-main-stick-meta":"","header-below-stick-meta":"","astra-migrate-meta-layouts":"set","ast-page-background-enabled":"default","ast-page-background-meta":{"desktop":{"background-color":"var(--ast-global-color-4)","background-image":"","background-repeat":"repeat","background-position":"center center","background-size":"auto","background-attachment":"scroll","background-type":"","background-media":"","overlay-type":"","overlay-color":"","overlay-opacity":"","overlay-gradient":""},"tablet":{"background-color":"","background-image":"","background-repeat":"repeat","background-position":"center center","background-size":"auto","background-attachment":"scroll","background-type":"","background-media":"","overlay-type":"","overlay-color":"","overlay-opacity":"","overlay-gradient":""},"mobile":{"background-color":"","background-image":"","background-repeat":"repeat","background-position":"center center","background-size":"auto","background-attachment":"scroll","background-type":"","background-media":"","overlay-type":"","overlay-color":"","overlay-opacity":"","overlay-gradient":""}},"ast-content-background-meta":{"desktop":{"background-color":"var(--ast-global-color-5)","background-image":"","background-repeat":"repeat","background-position":"center center","background-size":"auto","background-attachment":"scroll","background-type":"","background-media":"","overlay-type":"","overlay-color":"","overlay-opacity":"","overlay-gradient":""},"tablet":{"background-color":"var(--ast-global-color-5)","background-image":"","background-repeat":"repeat","background-position":"center center","background-size":"auto","background-attachment":"scroll","background-type":"","background-media":"","overlay-type":"","overlay-color":"","overlay-opacity":"","overlay-gradient":""},"mobile":{"background-color":"var(--ast-global-color-5)","background-image":"","background-repeat":"repeat","background-position":"center center","background-size":"auto","background-attachment":"scroll","background-type":"","background-media":"","overlay-type":"","overlay-color":"","overlay-opacity":"","overlay-gradient":""}},"_joinchat":[]},"product_brand":[],"product_cat":[31],"product_tag":[],"class_list":{"0":"post-1289","1":"product","2":"type-product","3":"status-publish","4":"has-post-thumbnail","6":"product_cat-fitness","7":"desktop-align-left","8":"tablet-align-left","9":"mobile-align-left","11":"first","12":"outofstock","13":"shipping-taxable","14":"purchasable","15":"product-type-simple"},"_links":{"self":[{"href":"https:\/\/hoyventas.com\/index.php\/wp-json\/wp\/v2\/product\/1289","targetHints":{"allow":["GET"]}}],"collection":[{"href":"https:\/\/hoyventas.com\/index.php\/wp-json\/wp\/v2\/product"}],"about":[{"href":"https:\/\/hoyventas.com\/index.php\/wp-json\/wp\/v2\/types\/product"}],"wp:featuredmedia":[{"embeddable":true,"href":"https:\/\/hoyventas.com\/index.php\/wp-json\/wp\/v2\/media\/1290"}],"wp:attachment":[{"href":"https:\/\/hoyventas.com\/index.php\/wp-json\/wp\/v2\/media?parent=1289"}],"wp:term":[{"taxonomy":"product_brand","embeddable":true,"href":"https:\/\/hoyventas.com\/index.php\/wp-json\/wp\/v2\/product_brand?post=1289"},{"taxonomy":"product_cat","embeddable":true,"href":"https:\/\/hoyventas.com\/index.php\/wp-json\/wp\/v2\/product_cat?post=1289"},{"taxonomy":"product_tag","embeddable":true,"href":"https:\/\/hoyventas.com\/index.php\/wp-json\/wp\/v2\/product_tag?post=1289"}],"curies":[{"name":"wp","href":"https:\/\/api.w.org\/{rel}","templated":true}]}}