{"id":1383,"date":"2024-05-14T10:27:17","date_gmt":"2024-05-14T10:27:17","guid":{"rendered":"https:\/\/hoyventas.com\/?post_type=product&#038;p=1383"},"modified":"2026-03-06T11:29:22","modified_gmt":"2026-03-06T11:29:22","slug":"medias-de-futbol-canilleras-de-15cm-para-ninos","status":"publish","type":"product","link":"https:\/\/hoyventas.com\/index.php\/product\/medias-de-futbol-canilleras-de-15cm-para-ninos\/","title":{"rendered":"Medias De Futbol + Canilleras De 16cm Para Ni\u00f1os"},"content":{"rendered":"<p>Canilleras de 16 cm + Medias de futbol para ni\u00f1os.<\/p>\n<p>Canillera para ni\u00f1os<br \/>\nLas canilleras son muy livianas, c\u00f3modas y se adaptan perfectamente a la pierna<br \/>\nEn Negro, Azul, Amarillo, Verde, Blanco, Naranja<br \/>\n*COLOR SUJETO A DISPONIBILIDAD DE STOCK*<\/p>\n<p>_16 cm en su largo<br \/>\n_8 cm en su ancho<\/p>\n<p>Para prevenir lesiones como traumatismos o fracturas, permitiendo a los m\u00e1s peque\u00f1os practicar deporte de forma segura. No solo reducen los impactos, sino que tambi\u00e9n tienen un mejor rendimiento para ayudar a distribuir los golpes.<\/p>\n<p>Medias de futbol<br \/>\n&#8211; Talle: 26-30<br \/>\n&#8211; El precio publicado es llevando una docena (12 pares)<br \/>\n&#8211; La docena viene surtida en colores (Blanco, verde, rojo, azul, negro y naranja)<br \/>\n*COLOR SUJETO A DISPONIBILIDAD DE STOCK*<\/p>\n","protected":false},"excerpt":{"rendered":"<p>Canilleras de 16 cm + Medias de futbol para ni\u00f1os. Canillera para ni\u00f1os Las canilleras son muy livianas, c\u00f3modas y se adaptan perfectamente a la pierna En Negro, Azul, Amarillo, Verde, Blanco, Naranja *COLOR SUJETO A DISPONIBILIDAD DE STOCK* _16 cm en su largo _8 cm en su ancho Para prevenir lesiones como traumatismos o [&hellip;]<\/p>\n","protected":false},"featured_media":1639,"template":"","meta":{"site-sidebar-layout":"default","site-content-layout":"","ast-site-content-layout":"default","site-content-style":"default","site-sidebar-style":"default","ast-global-header-display":"","ast-banner-title-visibility":"","ast-main-header-display":"","ast-hfb-above-header-display":"","ast-hfb-below-header-display":"","ast-hfb-mobile-header-display":"","site-post-title":"","ast-breadcrumbs-content":"","ast-featured-img":"","footer-sml-layout":"","theme-transparent-header-meta":"default","adv-header-id-meta":"","stick-header-meta":"","header-above-stick-meta":"","header-main-stick-meta":"","header-below-stick-meta":"","astra-migrate-meta-layouts":"set","ast-page-background-enabled":"default","ast-page-background-meta":{"desktop":{"background-color":"var(--ast-global-color-4)","background-image":"","background-repeat":"repeat","background-position":"center center","background-size":"auto","background-attachment":"scroll","background-type":"","background-media":"","overlay-type":"","overlay-color":"","overlay-opacity":"","overlay-gradient":""},"tablet":{"background-color":"","background-image":"","background-repeat":"repeat","background-position":"center center","background-size":"auto","background-attachment":"scroll","background-type":"","background-media":"","overlay-type":"","overlay-color":"","overlay-opacity":"","overlay-gradient":""},"mobile":{"background-color":"","background-image":"","background-repeat":"repeat","background-position":"center center","background-size":"auto","background-attachment":"scroll","background-type":"","background-media":"","overlay-type":"","overlay-color":"","overlay-opacity":"","overlay-gradient":""}},"ast-content-background-meta":{"desktop":{"background-color":"var(--ast-global-color-5)","background-image":"","background-repeat":"repeat","background-position":"center center","background-size":"auto","background-attachment":"scroll","background-type":"","background-media":"","overlay-type":"","overlay-color":"","overlay-opacity":"","overlay-gradient":""},"tablet":{"background-color":"var(--ast-global-color-5)","background-image":"","background-repeat":"repeat","background-position":"center center","background-size":"auto","background-attachment":"scroll","background-type":"","background-media":"","overlay-type":"","overlay-color":"","overlay-opacity":"","overlay-gradient":""},"mobile":{"background-color":"var(--ast-global-color-5)","background-image":"","background-repeat":"repeat","background-position":"center center","background-size":"auto","background-attachment":"scroll","background-type":"","background-media":"","overlay-type":"","overlay-color":"","overlay-opacity":"","overlay-gradient":""}},"_joinchat":[]},"product_brand":[],"product_cat":[90,31],"product_tag":[],"class_list":{"0":"post-1383","1":"product","2":"type-product","3":"status-publish","4":"has-post-thumbnail","6":"product_cat-bebes-y-ninos","7":"product_cat-fitness","8":"desktop-align-left","9":"tablet-align-left","10":"mobile-align-left","12":"first","13":"outofstock","14":"shipping-taxable","15":"purchasable","16":"product-type-simple"},"_links":{"self":[{"href":"https:\/\/hoyventas.com\/index.php\/wp-json\/wp\/v2\/product\/1383","targetHints":{"allow":["GET"]}}],"collection":[{"href":"https:\/\/hoyventas.com\/index.php\/wp-json\/wp\/v2\/product"}],"about":[{"href":"https:\/\/hoyventas.com\/index.php\/wp-json\/wp\/v2\/types\/product"}],"wp:featuredmedia":[{"embeddable":true,"href":"https:\/\/hoyventas.com\/index.php\/wp-json\/wp\/v2\/media\/1639"}],"wp:attachment":[{"href":"https:\/\/hoyventas.com\/index.php\/wp-json\/wp\/v2\/media?parent=1383"}],"wp:term":[{"taxonomy":"product_brand","embeddable":true,"href":"https:\/\/hoyventas.com\/index.php\/wp-json\/wp\/v2\/product_brand?post=1383"},{"taxonomy":"product_cat","embeddable":true,"href":"https:\/\/hoyventas.com\/index.php\/wp-json\/wp\/v2\/product_cat?post=1383"},{"taxonomy":"product_tag","embeddable":true,"href":"https:\/\/hoyventas.com\/index.php\/wp-json\/wp\/v2\/product_tag?post=1383"}],"curies":[{"name":"wp","href":"https:\/\/api.w.org\/{rel}","templated":true}]}}