{"id":1421,"date":"2024-06-17T22:00:00","date_gmt":"2024-06-17T22:00:00","guid":{"rendered":"https:\/\/hoyventas.com\/?post_type=product&#038;p=1421"},"modified":"2024-06-17T22:00:00","modified_gmt":"2024-06-17T22:00:00","slug":"juguete-con-campana-para-mascota-gato-o-perro","status":"publish","type":"product","link":"https:\/\/hoyventas.com\/index.php\/product\/juguete-con-campana-para-mascota-gato-o-perro\/","title":{"rendered":"Juguete Con Campana Para Mascota Gato O Perro"},"content":{"rendered":"<p>Juguete Para Gato Mascota Con Campana<\/p>\n<p>_Rotaci\u00f3n de 360\u00b0: el juguete interactivo Cat se puede girar 360\u00b0 y agitar a voluntad, no es f\u00e1cil caerse.<\/p>\n<p>_Plumas brillantes: el divertido juguete para gatos utiliza plumas de p\u00e1jaro, colores brillantes, que atraen la atenci\u00f3n de los gatos.<\/p>\n<p>_Campana integrada: el juguete de plumas para gatos tiene una campana colocada en el interior, con un sonido n\u00edtido para atraer la atenci\u00f3n del gatito.<\/p>\n<p>_Alivie el aburrimiento: los juguetes interactivos para gatos pueden satisfacer el instinto del gato de rascarse, ayudar a aliviar el estr\u00e9s y aumentar el ejercicio.<\/p>\n","protected":false},"excerpt":{"rendered":"<p>Juguete Para Gato Mascota Con Campana _Rotaci\u00f3n de 360\u00b0: el juguete interactivo Cat se puede girar 360\u00b0 y agitar a voluntad, no es f\u00e1cil caerse. _Plumas brillantes: el divertido juguete para gatos utiliza plumas de p\u00e1jaro, colores brillantes, que atraen la atenci\u00f3n de los gatos. _Campana integrada: el juguete de plumas para gatos tiene una [&hellip;]<\/p>\n","protected":false},"featured_media":1422,"template":"","meta":{"site-sidebar-layout":"default","site-content-layout":"","ast-site-content-layout":"default","site-content-style":"default","site-sidebar-style":"default","ast-global-header-display":"","ast-banner-title-visibility":"","ast-main-header-display":"","ast-hfb-above-header-display":"","ast-hfb-below-header-display":"","ast-hfb-mobile-header-display":"","site-post-title":"","ast-breadcrumbs-content":"","ast-featured-img":"","footer-sml-layout":"","theme-transparent-header-meta":"default","adv-header-id-meta":"","stick-header-meta":"","header-above-stick-meta":"","header-main-stick-meta":"","header-below-stick-meta":"","astra-migrate-meta-layouts":"set","ast-page-background-enabled":"default","ast-page-background-meta":{"desktop":{"background-color":"var(--ast-global-color-4)","background-image":"","background-repeat":"repeat","background-position":"center center","background-size":"auto","background-attachment":"scroll","background-type":"","background-media":"","overlay-type":"","overlay-color":"","overlay-opacity":"","overlay-gradient":""},"tablet":{"background-color":"","background-image":"","background-repeat":"repeat","background-position":"center center","background-size":"auto","background-attachment":"scroll","background-type":"","background-media":"","overlay-type":"","overlay-color":"","overlay-opacity":"","overlay-gradient":""},"mobile":{"background-color":"","background-image":"","background-repeat":"repeat","background-position":"center center","background-size":"auto","background-attachment":"scroll","background-type":"","background-media":"","overlay-type":"","overlay-color":"","overlay-opacity":"","overlay-gradient":""}},"ast-content-background-meta":{"desktop":{"background-color":"var(--ast-global-color-5)","background-image":"","background-repeat":"repeat","background-position":"center center","background-size":"auto","background-attachment":"scroll","background-type":"","background-media":"","overlay-type":"","overlay-color":"","overlay-opacity":"","overlay-gradient":""},"tablet":{"background-color":"var(--ast-global-color-5)","background-image":"","background-repeat":"repeat","background-position":"center center","background-size":"auto","background-attachment":"scroll","background-type":"","background-media":"","overlay-type":"","overlay-color":"","overlay-opacity":"","overlay-gradient":""},"mobile":{"background-color":"var(--ast-global-color-5)","background-image":"","background-repeat":"repeat","background-position":"center center","background-size":"auto","background-attachment":"scroll","background-type":"","background-media":"","overlay-type":"","overlay-color":"","overlay-opacity":"","overlay-gradient":""}},"_joinchat":[]},"product_brand":[],"product_cat":[49],"product_tag":[],"class_list":{"0":"post-1421","1":"product","2":"type-product","3":"status-publish","4":"has-post-thumbnail","6":"product_cat-mascotas","7":"desktop-align-left","8":"tablet-align-left","9":"mobile-align-left","11":"first","12":"instock","13":"shipping-taxable","14":"purchasable","15":"product-type-simple"},"_links":{"self":[{"href":"https:\/\/hoyventas.com\/index.php\/wp-json\/wp\/v2\/product\/1421","targetHints":{"allow":["GET"]}}],"collection":[{"href":"https:\/\/hoyventas.com\/index.php\/wp-json\/wp\/v2\/product"}],"about":[{"href":"https:\/\/hoyventas.com\/index.php\/wp-json\/wp\/v2\/types\/product"}],"wp:featuredmedia":[{"embeddable":true,"href":"https:\/\/hoyventas.com\/index.php\/wp-json\/wp\/v2\/media\/1422"}],"wp:attachment":[{"href":"https:\/\/hoyventas.com\/index.php\/wp-json\/wp\/v2\/media?parent=1421"}],"wp:term":[{"taxonomy":"product_brand","embeddable":true,"href":"https:\/\/hoyventas.com\/index.php\/wp-json\/wp\/v2\/product_brand?post=1421"},{"taxonomy":"product_cat","embeddable":true,"href":"https:\/\/hoyventas.com\/index.php\/wp-json\/wp\/v2\/product_cat?post=1421"},{"taxonomy":"product_tag","embeddable":true,"href":"https:\/\/hoyventas.com\/index.php\/wp-json\/wp\/v2\/product_tag?post=1421"}],"curies":[{"name":"wp","href":"https:\/\/api.w.org\/{rel}","templated":true}]}}