{"id":1490,"date":"2024-08-01T23:08:56","date_gmt":"2024-08-01T23:08:56","guid":{"rendered":"https:\/\/hoyventas.com\/?post_type=product&#038;p=1490"},"modified":"2025-12-03T12:03:48","modified_gmt":"2025-12-03T12:03:48","slug":"kit-de-4-bandas-elasticas-bolso","status":"publish","type":"product","link":"https:\/\/hoyventas.com\/index.php\/product\/kit-de-4-bandas-elasticas-bolso\/","title":{"rendered":"Kit de 4 Bandas El\u00e1sticas + Bolso"},"content":{"rendered":"<p>Medidas de las bandas:<br \/>\nTensi\u00f3n Extra Baja (Verde) 300 X 50 X 0.5mm<br \/>\nTensi\u00f3n Baja (Azul) 300 X 50 X 0.7mm<br \/>\nTensi\u00f3n Media (Amarilla) 300 X 50 X 0.9mm<br \/>\nTensi\u00f3n Alta (Roja) 300 X 50 X 1 mm<\/p>\n<p>El Kit Set 4 Bandas El\u00e1sticas de Resistencia Ejercicio + Bolso de la marca Latex Band es el complemento perfecto para tus rutinas de entrenamiento.<br \/>\nCada banda con un largo de 30 cm, este kit incluye 4 bandas de resistencia de diferentes intensidades: baja, Media Baja, Media, Alta.<\/p>\n<p>Estas bandas el\u00e1sticas te permitir\u00e1n trabajar diferentes grupos musculares de forma efectiva y segura. Ya sea que est\u00e9s buscando tonificar tus piernas, fortalecer tus brazos o mejorar tu resistencia, este kit te brindar\u00e1 la versatilidad que necesitas.<\/p>\n<p>Adem\u00e1s, su dise\u00f1o compacto y liviano te permitir\u00e1 llevarlo a donde quieras. El bolso incluido en el kit te facilitar\u00e1 el transporte y almacenamiento de las bandas, para que puedas llevar tu entrenamiento contigo a cualquier lugar.<\/p>\n<p>No importa si eres principiante o avanzado en el mundo del fitness, este kit de bandas el\u00e1sticas se adapta a todos los niveles de condici\u00f3n f\u00edsica. \u00a1Aprovecha esta oportunidad para potenciar tus entrenamientos y alcanzar tus objetivos de forma eficiente!<\/p>\n","protected":false},"excerpt":{"rendered":"<p>Medidas de las bandas: Tensi\u00f3n Extra Baja (Verde) 300 X 50 X 0.5mm Tensi\u00f3n Baja (Azul) 300 X 50 X 0.7mm Tensi\u00f3n Media (Amarilla) 300 X 50 X 0.9mm Tensi\u00f3n Alta (Roja) 300 X 50 X 1 mm El Kit Set 4 Bandas El\u00e1sticas de Resistencia Ejercicio + Bolso de la marca Latex Band es [&hellip;]<\/p>\n","protected":false},"featured_media":1491,"template":"","meta":{"site-sidebar-layout":"default","site-content-layout":"","ast-site-content-layout":"default","site-content-style":"default","site-sidebar-style":"default","ast-global-header-display":"","ast-banner-title-visibility":"","ast-main-header-display":"","ast-hfb-above-header-display":"","ast-hfb-below-header-display":"","ast-hfb-mobile-header-display":"","site-post-title":"","ast-breadcrumbs-content":"","ast-featured-img":"","footer-sml-layout":"","theme-transparent-header-meta":"default","adv-header-id-meta":"","stick-header-meta":"","header-above-stick-meta":"","header-main-stick-meta":"","header-below-stick-meta":"","astra-migrate-meta-layouts":"set","ast-page-background-enabled":"default","ast-page-background-meta":{"desktop":{"background-color":"var(--ast-global-color-4)","background-image":"","background-repeat":"repeat","background-position":"center center","background-size":"auto","background-attachment":"scroll","background-type":"","background-media":"","overlay-type":"","overlay-color":"","overlay-opacity":"","overlay-gradient":""},"tablet":{"background-color":"","background-image":"","background-repeat":"repeat","background-position":"center center","background-size":"auto","background-attachment":"scroll","background-type":"","background-media":"","overlay-type":"","overlay-color":"","overlay-opacity":"","overlay-gradient":""},"mobile":{"background-color":"","background-image":"","background-repeat":"repeat","background-position":"center center","background-size":"auto","background-attachment":"scroll","background-type":"","background-media":"","overlay-type":"","overlay-color":"","overlay-opacity":"","overlay-gradient":""}},"ast-content-background-meta":{"desktop":{"background-color":"var(--ast-global-color-5)","background-image":"","background-repeat":"repeat","background-position":"center center","background-size":"auto","background-attachment":"scroll","background-type":"","background-media":"","overlay-type":"","overlay-color":"","overlay-opacity":"","overlay-gradient":""},"tablet":{"background-color":"var(--ast-global-color-5)","background-image":"","background-repeat":"repeat","background-position":"center center","background-size":"auto","background-attachment":"scroll","background-type":"","background-media":"","overlay-type":"","overlay-color":"","overlay-opacity":"","overlay-gradient":""},"mobile":{"background-color":"var(--ast-global-color-5)","background-image":"","background-repeat":"repeat","background-position":"center center","background-size":"auto","background-attachment":"scroll","background-type":"","background-media":"","overlay-type":"","overlay-color":"","overlay-opacity":"","overlay-gradient":""}},"_joinchat":[]},"product_brand":[],"product_cat":[31],"product_tag":[],"class_list":{"0":"post-1490","1":"product","2":"type-product","3":"status-publish","4":"has-post-thumbnail","6":"product_cat-fitness","7":"desktop-align-left","8":"tablet-align-left","9":"mobile-align-left","11":"first","12":"instock","13":"shipping-taxable","14":"purchasable","15":"product-type-simple"},"_links":{"self":[{"href":"https:\/\/hoyventas.com\/index.php\/wp-json\/wp\/v2\/product\/1490","targetHints":{"allow":["GET"]}}],"collection":[{"href":"https:\/\/hoyventas.com\/index.php\/wp-json\/wp\/v2\/product"}],"about":[{"href":"https:\/\/hoyventas.com\/index.php\/wp-json\/wp\/v2\/types\/product"}],"wp:featuredmedia":[{"embeddable":true,"href":"https:\/\/hoyventas.com\/index.php\/wp-json\/wp\/v2\/media\/1491"}],"wp:attachment":[{"href":"https:\/\/hoyventas.com\/index.php\/wp-json\/wp\/v2\/media?parent=1490"}],"wp:term":[{"taxonomy":"product_brand","embeddable":true,"href":"https:\/\/hoyventas.com\/index.php\/wp-json\/wp\/v2\/product_brand?post=1490"},{"taxonomy":"product_cat","embeddable":true,"href":"https:\/\/hoyventas.com\/index.php\/wp-json\/wp\/v2\/product_cat?post=1490"},{"taxonomy":"product_tag","embeddable":true,"href":"https:\/\/hoyventas.com\/index.php\/wp-json\/wp\/v2\/product_tag?post=1490"}],"curies":[{"name":"wp","href":"https:\/\/api.w.org\/{rel}","templated":true}]}}