{"id":1520,"date":"2024-11-29T22:29:59","date_gmt":"2024-11-29T22:29:59","guid":{"rendered":"https:\/\/hoyventas.com\/?post_type=product&#038;p=1520"},"modified":"2026-02-26T22:26:49","modified_gmt":"2026-02-26T22:26:49","slug":"reloj-smartwatch-watch-ultra-sport-2","status":"publish","type":"product","link":"https:\/\/hoyventas.com\/index.php\/product\/reloj-smartwatch-watch-ultra-sport-2\/","title":{"rendered":"Reloj Smartwatch Watch Ultra Sport 2"},"content":{"rendered":"<p>Reloj Smartwatch Watch Ultra 2 con cargador magn\u00e9tico.<\/p>\n<p>Caracter\u00edsticas:<br \/>\nColor: Negro<br \/>\nIncluye: 2 correas (Corrugada, lisa)<br \/>\nEsfera: Negro<br \/>\nVersi\u00f3n: Sport<br \/>\nSistema operativos compatible: Android, iOS.<br \/>\nConectividad: Bluetooth<br \/>\nCargador: USB Magnetico<br \/>\nFunciones: Carrera multideportiva, ciclismo, entrenamiento de fuerza, baloncesto, tenis, f\u00fatbol, voleibol, etc.<br \/>\nIdiomas: Varios, incluye Espa\u00f1ol.<br \/>\nAplicaci\u00f3n de recordatorio de mensajes redes sociales.<\/p>\n<p>Incluye: Smart Watch, pulsera, cable de carga y manual de usuario.<br \/>\nNo todas las capacidades est\u00e1n disponibles en todas las \u00e1reas.<br \/>\nSmart Watch no es un dispositivo m\u00e9dico.<br \/>\nLa duraci\u00f3n de la bater\u00eda, los ciclos de carga y la duraci\u00f3n de la pantalla var\u00edan seg\u00fan el uso y la configuraci\u00f3n<\/p>\n","protected":false},"excerpt":{"rendered":"<p>Reloj Smartwatch Watch Ultra 2 con cargador magn\u00e9tico. Caracter\u00edsticas: Color: Negro Incluye: 2 correas (Corrugada, lisa) Esfera: Negro Versi\u00f3n: Sport Sistema operativos compatible: Android, iOS. Conectividad: Bluetooth Cargador: USB Magnetico Funciones: Carrera multideportiva, ciclismo, entrenamiento de fuerza, baloncesto, tenis, f\u00fatbol, voleibol, etc. Idiomas: Varios, incluye Espa\u00f1ol. Aplicaci\u00f3n de recordatorio de mensajes redes sociales. Incluye: Smart [&hellip;]<\/p>\n","protected":false},"featured_media":1521,"template":"","meta":{"site-sidebar-layout":"default","site-content-layout":"","ast-site-content-layout":"default","site-content-style":"default","site-sidebar-style":"default","ast-global-header-display":"","ast-banner-title-visibility":"","ast-main-header-display":"","ast-hfb-above-header-display":"","ast-hfb-below-header-display":"","ast-hfb-mobile-header-display":"","site-post-title":"","ast-breadcrumbs-content":"","ast-featured-img":"","footer-sml-layout":"","theme-transparent-header-meta":"default","adv-header-id-meta":"","stick-header-meta":"","header-above-stick-meta":"","header-main-stick-meta":"","header-below-stick-meta":"","astra-migrate-meta-layouts":"set","ast-page-background-enabled":"default","ast-page-background-meta":{"desktop":{"background-color":"var(--ast-global-color-4)","background-image":"","background-repeat":"repeat","background-position":"center center","background-size":"auto","background-attachment":"scroll","background-type":"","background-media":"","overlay-type":"","overlay-color":"","overlay-opacity":"","overlay-gradient":""},"tablet":{"background-color":"","background-image":"","background-repeat":"repeat","background-position":"center center","background-size":"auto","background-attachment":"scroll","background-type":"","background-media":"","overlay-type":"","overlay-color":"","overlay-opacity":"","overlay-gradient":""},"mobile":{"background-color":"","background-image":"","background-repeat":"repeat","background-position":"center center","background-size":"auto","background-attachment":"scroll","background-type":"","background-media":"","overlay-type":"","overlay-color":"","overlay-opacity":"","overlay-gradient":""}},"ast-content-background-meta":{"desktop":{"background-color":"var(--ast-global-color-5)","background-image":"","background-repeat":"repeat","background-position":"center center","background-size":"auto","background-attachment":"scroll","background-type":"","background-media":"","overlay-type":"","overlay-color":"","overlay-opacity":"","overlay-gradient":""},"tablet":{"background-color":"var(--ast-global-color-5)","background-image":"","background-repeat":"repeat","background-position":"center center","background-size":"auto","background-attachment":"scroll","background-type":"","background-media":"","overlay-type":"","overlay-color":"","overlay-opacity":"","overlay-gradient":""},"mobile":{"background-color":"var(--ast-global-color-5)","background-image":"","background-repeat":"repeat","background-position":"center center","background-size":"auto","background-attachment":"scroll","background-type":"","background-media":"","overlay-type":"","overlay-color":"","overlay-opacity":"","overlay-gradient":""}},"_joinchat":[]},"product_brand":[],"product_cat":[178,31],"product_tag":[],"class_list":{"0":"post-1520","1":"product","2":"type-product","3":"status-publish","4":"has-post-thumbnail","6":"product_cat-dia-del-padre","7":"product_cat-fitness","8":"desktop-align-left","9":"tablet-align-left","10":"mobile-align-left","12":"first","13":"instock","14":"sale","15":"shipping-taxable","16":"purchasable","17":"product-type-simple"},"_links":{"self":[{"href":"https:\/\/hoyventas.com\/index.php\/wp-json\/wp\/v2\/product\/1520","targetHints":{"allow":["GET"]}}],"collection":[{"href":"https:\/\/hoyventas.com\/index.php\/wp-json\/wp\/v2\/product"}],"about":[{"href":"https:\/\/hoyventas.com\/index.php\/wp-json\/wp\/v2\/types\/product"}],"wp:featuredmedia":[{"embeddable":true,"href":"https:\/\/hoyventas.com\/index.php\/wp-json\/wp\/v2\/media\/1521"}],"wp:attachment":[{"href":"https:\/\/hoyventas.com\/index.php\/wp-json\/wp\/v2\/media?parent=1520"}],"wp:term":[{"taxonomy":"product_brand","embeddable":true,"href":"https:\/\/hoyventas.com\/index.php\/wp-json\/wp\/v2\/product_brand?post=1520"},{"taxonomy":"product_cat","embeddable":true,"href":"https:\/\/hoyventas.com\/index.php\/wp-json\/wp\/v2\/product_cat?post=1520"},{"taxonomy":"product_tag","embeddable":true,"href":"https:\/\/hoyventas.com\/index.php\/wp-json\/wp\/v2\/product_tag?post=1520"}],"curies":[{"name":"wp","href":"https:\/\/api.w.org\/{rel}","templated":true}]}}