{"id":1713,"date":"2025-06-04T18:49:42","date_gmt":"2025-06-04T18:49:42","guid":{"rendered":"https:\/\/hoyventas.com\/?post_type=product&#038;p=1713"},"modified":"2025-12-03T12:10:09","modified_gmt":"2025-12-03T12:10:09","slug":"reel-pesca-variada-baihui-bh200-tamano-chico-spinning","status":"publish","type":"product","link":"https:\/\/hoyventas.com\/index.php\/product\/reel-pesca-variada-baihui-bh200-tamano-chico-spinning\/","title":{"rendered":"Reel Pesca Variada Baihui Bh200 Tama\u00f1o Chico Spinning"},"content":{"rendered":"<p>Reel peque\u00f1o y portable! BH-200<\/p>\n<p>BAIHUI BH200 Pesca Carretes 3 Rodamientos de Bolas 5.2\/1 Mango Intercambiable Spinning Reel de Pesca Con L\u00ednea de Pesca<\/p>\n<p>-Cuerpo Ultra-delgado dise\u00f1o, ligero y conveniente.<br \/>\n-3 unidades de rodamientos de bolas, la fricci\u00f3n es muy peque\u00f1a para garantiza un uso prolongado.<br \/>\n-Rueda l\u00ednea de cuello fino forma con transparente l\u00ednea de pesca alrededor de 40-50 metros de largo.<br \/>\n-Elenco totalmente ajustable con control de sonido, excelente l\u00ednea yac\u00eda sistema de oscilaci\u00f3n.<br \/>\n-La bobina est\u00e1 hecha de pl\u00e1stico, con la tecnolog\u00eda de galvanoplastia, durable y de moda.<br \/>\n-Relaci\u00f3n de engranajes: 5.2: 1, l\u00ednea capacidad (mm\/m): 0.18\/240 0.20\/195 0.25\/125<br \/>\nla herramienta perfecta para la pesca.<br \/>\nManija intercambiable a lado izquierdo o derecho.<\/p>\n","protected":false},"excerpt":{"rendered":"<p>Reel peque\u00f1o y portable! BH-200 BAIHUI BH200 Pesca Carretes 3 Rodamientos de Bolas 5.2\/1 Mango Intercambiable Spinning Reel de Pesca Con L\u00ednea de Pesca -Cuerpo Ultra-delgado dise\u00f1o, ligero y conveniente. -3 unidades de rodamientos de bolas, la fricci\u00f3n es muy peque\u00f1a para garantiza un uso prolongado. -Rueda l\u00ednea de cuello fino forma con transparente l\u00ednea [&hellip;]<\/p>\n","protected":false},"featured_media":1725,"template":"","meta":{"site-sidebar-layout":"default","site-content-layout":"","ast-site-content-layout":"default","site-content-style":"default","site-sidebar-style":"default","ast-global-header-display":"","ast-banner-title-visibility":"","ast-main-header-display":"","ast-hfb-above-header-display":"","ast-hfb-below-header-display":"","ast-hfb-mobile-header-display":"","site-post-title":"","ast-breadcrumbs-content":"","ast-featured-img":"","footer-sml-layout":"","theme-transparent-header-meta":"default","adv-header-id-meta":"","stick-header-meta":"","header-above-stick-meta":"","header-main-stick-meta":"","header-below-stick-meta":"","astra-migrate-meta-layouts":"set","ast-page-background-enabled":"default","ast-page-background-meta":{"desktop":{"background-color":"var(--ast-global-color-4)","background-image":"","background-repeat":"repeat","background-position":"center center","background-size":"auto","background-attachment":"scroll","background-type":"","background-media":"","overlay-type":"","overlay-color":"","overlay-opacity":"","overlay-gradient":""},"tablet":{"background-color":"","background-image":"","background-repeat":"repeat","background-position":"center center","background-size":"auto","background-attachment":"scroll","background-type":"","background-media":"","overlay-type":"","overlay-color":"","overlay-opacity":"","overlay-gradient":""},"mobile":{"background-color":"","background-image":"","background-repeat":"repeat","background-position":"center center","background-size":"auto","background-attachment":"scroll","background-type":"","background-media":"","overlay-type":"","overlay-color":"","overlay-opacity":"","overlay-gradient":""}},"ast-content-background-meta":{"desktop":{"background-color":"var(--ast-global-color-5)","background-image":"","background-repeat":"repeat","background-position":"center center","background-size":"auto","background-attachment":"scroll","background-type":"","background-media":"","overlay-type":"","overlay-color":"","overlay-opacity":"","overlay-gradient":""},"tablet":{"background-color":"var(--ast-global-color-5)","background-image":"","background-repeat":"repeat","background-position":"center center","background-size":"auto","background-attachment":"scroll","background-type":"","background-media":"","overlay-type":"","overlay-color":"","overlay-opacity":"","overlay-gradient":""},"mobile":{"background-color":"var(--ast-global-color-5)","background-image":"","background-repeat":"repeat","background-position":"center center","background-size":"auto","background-attachment":"scroll","background-type":"","background-media":"","overlay-type":"","overlay-color":"","overlay-opacity":"","overlay-gradient":""}},"_joinchat":[]},"product_brand":[],"product_cat":[17],"product_tag":[],"class_list":{"0":"post-1713","1":"product","2":"type-product","3":"status-publish","4":"has-post-thumbnail","6":"product_cat-herramientas","7":"desktop-align-left","8":"tablet-align-left","9":"mobile-align-left","11":"first","12":"instock","13":"shipping-taxable","14":"purchasable","15":"product-type-simple"},"_links":{"self":[{"href":"https:\/\/hoyventas.com\/index.php\/wp-json\/wp\/v2\/product\/1713","targetHints":{"allow":["GET"]}}],"collection":[{"href":"https:\/\/hoyventas.com\/index.php\/wp-json\/wp\/v2\/product"}],"about":[{"href":"https:\/\/hoyventas.com\/index.php\/wp-json\/wp\/v2\/types\/product"}],"wp:featuredmedia":[{"embeddable":true,"href":"https:\/\/hoyventas.com\/index.php\/wp-json\/wp\/v2\/media\/1725"}],"wp:attachment":[{"href":"https:\/\/hoyventas.com\/index.php\/wp-json\/wp\/v2\/media?parent=1713"}],"wp:term":[{"taxonomy":"product_brand","embeddable":true,"href":"https:\/\/hoyventas.com\/index.php\/wp-json\/wp\/v2\/product_brand?post=1713"},{"taxonomy":"product_cat","embeddable":true,"href":"https:\/\/hoyventas.com\/index.php\/wp-json\/wp\/v2\/product_cat?post=1713"},{"taxonomy":"product_tag","embeddable":true,"href":"https:\/\/hoyventas.com\/index.php\/wp-json\/wp\/v2\/product_tag?post=1713"}],"curies":[{"name":"wp","href":"https:\/\/api.w.org\/{rel}","templated":true}]}}