{"id":1757,"date":"2025-08-06T10:45:30","date_gmt":"2025-08-06T10:45:30","guid":{"rendered":"https:\/\/hoyventas.com\/?post_type=product&#038;p=1757"},"modified":"2025-08-06T10:46:22","modified_gmt":"2025-08-06T10:46:22","slug":"muneca-con-bicicleta-skate-accesorios-y-mascota-perro","status":"publish","type":"product","link":"https:\/\/hoyventas.com\/index.php\/product\/muneca-con-bicicleta-skate-accesorios-y-mascota-perro\/","title":{"rendered":"Mu\u00f1eca Con Bicicleta, Skate, Accesorios Y Mascota Perro"},"content":{"rendered":"<p>Mu\u00f1eca Deportiva con Bicicleta, Skate y Accesorios \u2013 Set Completo de Aventura<\/p>\n<p>\u00a1La diversi\u00f3n sobre ruedas est\u00e1 asegurada con este incre\u00edble set de mu\u00f1eca deportiva! Dise\u00f1ado para estimular el juego creativo y activo, este pack incluye todo lo necesario para vivir aventuras al aire libre.<\/p>\n<p>Incluye:<br \/>\n_1 mu\u00f1eca con extremidades articuladas<br \/>\n_1 bicicleta<br \/>\n_1 skate (patineta)<br \/>\n_1 casco de seguridad<br \/>\n_1 mascota compa\u00f1era<br \/>\n_Medidas del empaque: 32 x 26 x 8 cm<\/p>\n<p>Con articulaciones m\u00f3viles para mayor realismo, esta mu\u00f1eca est\u00e1 lista para recorrer la ciudad o el parque con su bicicleta y su skate. El casco y la mascota completan la escena para una experiencia de juego m\u00e1s rica y divertida.<\/p>\n<p>Ideal para regalar, coleccionar o simplemente disfrutar horas de entretenimiento imaginativo.<\/p>\n","protected":false},"excerpt":{"rendered":"<p>Mu\u00f1eca Deportiva con Bicicleta, Skate y Accesorios \u2013 Set Completo de Aventura \u00a1La diversi\u00f3n sobre ruedas est\u00e1 asegurada con este incre\u00edble set de mu\u00f1eca deportiva! Dise\u00f1ado para estimular el juego creativo y activo, este pack incluye todo lo necesario para vivir aventuras al aire libre. Incluye: _1 mu\u00f1eca con extremidades articuladas _1 bicicleta _1 skate [&hellip;]<\/p>\n","protected":false},"featured_media":1760,"template":"","meta":{"site-sidebar-layout":"default","site-content-layout":"","ast-site-content-layout":"default","site-content-style":"default","site-sidebar-style":"default","ast-global-header-display":"","ast-banner-title-visibility":"","ast-main-header-display":"","ast-hfb-above-header-display":"","ast-hfb-below-header-display":"","ast-hfb-mobile-header-display":"","site-post-title":"","ast-breadcrumbs-content":"","ast-featured-img":"","footer-sml-layout":"","theme-transparent-header-meta":"default","adv-header-id-meta":"","stick-header-meta":"","header-above-stick-meta":"","header-main-stick-meta":"","header-below-stick-meta":"","astra-migrate-meta-layouts":"set","ast-page-background-enabled":"default","ast-page-background-meta":{"desktop":{"background-color":"var(--ast-global-color-4)","background-image":"","background-repeat":"repeat","background-position":"center center","background-size":"auto","background-attachment":"scroll","background-type":"","background-media":"","overlay-type":"","overlay-color":"","overlay-opacity":"","overlay-gradient":""},"tablet":{"background-color":"","background-image":"","background-repeat":"repeat","background-position":"center center","background-size":"auto","background-attachment":"scroll","background-type":"","background-media":"","overlay-type":"","overlay-color":"","overlay-opacity":"","overlay-gradient":""},"mobile":{"background-color":"","background-image":"","background-repeat":"repeat","background-position":"center center","background-size":"auto","background-attachment":"scroll","background-type":"","background-media":"","overlay-type":"","overlay-color":"","overlay-opacity":"","overlay-gradient":""}},"ast-content-background-meta":{"desktop":{"background-color":"var(--ast-global-color-5)","background-image":"","background-repeat":"repeat","background-position":"center center","background-size":"auto","background-attachment":"scroll","background-type":"","background-media":"","overlay-type":"","overlay-color":"","overlay-opacity":"","overlay-gradient":""},"tablet":{"background-color":"var(--ast-global-color-5)","background-image":"","background-repeat":"repeat","background-position":"center center","background-size":"auto","background-attachment":"scroll","background-type":"","background-media":"","overlay-type":"","overlay-color":"","overlay-opacity":"","overlay-gradient":""},"mobile":{"background-color":"var(--ast-global-color-5)","background-image":"","background-repeat":"repeat","background-position":"center center","background-size":"auto","background-attachment":"scroll","background-type":"","background-media":"","overlay-type":"","overlay-color":"","overlay-opacity":"","overlay-gradient":""}},"_joinchat":[]},"product_brand":[],"product_cat":[90],"product_tag":[],"class_list":{"0":"post-1757","1":"product","2":"type-product","3":"status-publish","4":"has-post-thumbnail","6":"product_cat-bebes-y-ninos","7":"desktop-align-left","8":"tablet-align-left","9":"mobile-align-left","11":"first","12":"instock","13":"shipping-taxable","14":"purchasable","15":"product-type-simple"},"_links":{"self":[{"href":"https:\/\/hoyventas.com\/index.php\/wp-json\/wp\/v2\/product\/1757","targetHints":{"allow":["GET"]}}],"collection":[{"href":"https:\/\/hoyventas.com\/index.php\/wp-json\/wp\/v2\/product"}],"about":[{"href":"https:\/\/hoyventas.com\/index.php\/wp-json\/wp\/v2\/types\/product"}],"wp:featuredmedia":[{"embeddable":true,"href":"https:\/\/hoyventas.com\/index.php\/wp-json\/wp\/v2\/media\/1760"}],"wp:attachment":[{"href":"https:\/\/hoyventas.com\/index.php\/wp-json\/wp\/v2\/media?parent=1757"}],"wp:term":[{"taxonomy":"product_brand","embeddable":true,"href":"https:\/\/hoyventas.com\/index.php\/wp-json\/wp\/v2\/product_brand?post=1757"},{"taxonomy":"product_cat","embeddable":true,"href":"https:\/\/hoyventas.com\/index.php\/wp-json\/wp\/v2\/product_cat?post=1757"},{"taxonomy":"product_tag","embeddable":true,"href":"https:\/\/hoyventas.com\/index.php\/wp-json\/wp\/v2\/product_tag?post=1757"}],"curies":[{"name":"wp","href":"https:\/\/api.w.org\/{rel}","templated":true}]}}