{"id":1769,"date":"2025-08-06T10:55:07","date_gmt":"2025-08-06T10:55:07","guid":{"rendered":"https:\/\/hoyventas.com\/?post_type=product&#038;p=1769"},"modified":"2025-11-26T14:48:17","modified_gmt":"2025-11-26T14:48:17","slug":"juguete-muneco-bebe-con-accesorios-incluidos","status":"publish","type":"product","link":"https:\/\/hoyventas.com\/index.php\/product\/juguete-muneco-bebe-con-accesorios-incluidos\/","title":{"rendered":"Juguete Mu\u00f1eco Beb\u00e9 Con Accesorios Incluidos"},"content":{"rendered":"<p>Mu\u00f1eco beb\u00e9 de goma con accesorios: \u00a1ideal para juegos de cuidado y diversi\u00f3n!<\/p>\n<p>_Est\u00e1 fabricado en goma suave al tacto, con cuerpo flexible y detalles realistas<br \/>\n_Viene vestido con ropa de tela, f\u00e1cil de poner y sacar<br \/>\n_Incluye accesorios para jugar a cuidar al beb\u00e9 (Chupete y Mamadera)<br \/>\n_Altura del mu\u00f1eco: 25 cm<br \/>\n_Medidas del empaque: 25x19x13 cm<br \/>\n_Material: mu\u00f1eco de goma, accesorios de pl\u00e1stico<\/p>\n<p>Una propuesta encantadora para que ni\u00f1as y ni\u00f1os desarrollen su imaginaci\u00f3n y aprendan jugando. Ideal para regalar.<\/p>\n","protected":false},"excerpt":{"rendered":"<p>Mu\u00f1eco beb\u00e9 de goma con accesorios: \u00a1ideal para juegos de cuidado y diversi\u00f3n! _Est\u00e1 fabricado en goma suave al tacto, con cuerpo flexible y detalles realistas _Viene vestido con ropa de tela, f\u00e1cil de poner y sacar _Incluye accesorios para jugar a cuidar al beb\u00e9 (Chupete y Mamadera) _Altura del mu\u00f1eco: 25 cm _Medidas del [&hellip;]<\/p>\n","protected":false},"featured_media":2160,"template":"","meta":{"site-sidebar-layout":"default","site-content-layout":"","ast-site-content-layout":"default","site-content-style":"default","site-sidebar-style":"default","ast-global-header-display":"","ast-banner-title-visibility":"","ast-main-header-display":"","ast-hfb-above-header-display":"","ast-hfb-below-header-display":"","ast-hfb-mobile-header-display":"","site-post-title":"","ast-breadcrumbs-content":"","ast-featured-img":"","footer-sml-layout":"","theme-transparent-header-meta":"default","adv-header-id-meta":"","stick-header-meta":"","header-above-stick-meta":"","header-main-stick-meta":"","header-below-stick-meta":"","astra-migrate-meta-layouts":"set","ast-page-background-enabled":"default","ast-page-background-meta":{"desktop":{"background-color":"var(--ast-global-color-4)","background-image":"","background-repeat":"repeat","background-position":"center center","background-size":"auto","background-attachment":"scroll","background-type":"","background-media":"","overlay-type":"","overlay-color":"","overlay-opacity":"","overlay-gradient":""},"tablet":{"background-color":"","background-image":"","background-repeat":"repeat","background-position":"center center","background-size":"auto","background-attachment":"scroll","background-type":"","background-media":"","overlay-type":"","overlay-color":"","overlay-opacity":"","overlay-gradient":""},"mobile":{"background-color":"","background-image":"","background-repeat":"repeat","background-position":"center center","background-size":"auto","background-attachment":"scroll","background-type":"","background-media":"","overlay-type":"","overlay-color":"","overlay-opacity":"","overlay-gradient":""}},"ast-content-background-meta":{"desktop":{"background-color":"var(--ast-global-color-5)","background-image":"","background-repeat":"repeat","background-position":"center center","background-size":"auto","background-attachment":"scroll","background-type":"","background-media":"","overlay-type":"","overlay-color":"","overlay-opacity":"","overlay-gradient":""},"tablet":{"background-color":"var(--ast-global-color-5)","background-image":"","background-repeat":"repeat","background-position":"center center","background-size":"auto","background-attachment":"scroll","background-type":"","background-media":"","overlay-type":"","overlay-color":"","overlay-opacity":"","overlay-gradient":""},"mobile":{"background-color":"var(--ast-global-color-5)","background-image":"","background-repeat":"repeat","background-position":"center center","background-size":"auto","background-attachment":"scroll","background-type":"","background-media":"","overlay-type":"","overlay-color":"","overlay-opacity":"","overlay-gradient":""}},"_joinchat":[]},"product_brand":[],"product_cat":[90],"product_tag":[],"class_list":{"0":"post-1769","1":"product","2":"type-product","3":"status-publish","4":"has-post-thumbnail","6":"product_cat-bebes-y-ninos","7":"desktop-align-left","8":"tablet-align-left","9":"mobile-align-left","11":"first","12":"instock","13":"shipping-taxable","14":"purchasable","15":"product-type-variable"},"_links":{"self":[{"href":"https:\/\/hoyventas.com\/index.php\/wp-json\/wp\/v2\/product\/1769","targetHints":{"allow":["GET"]}}],"collection":[{"href":"https:\/\/hoyventas.com\/index.php\/wp-json\/wp\/v2\/product"}],"about":[{"href":"https:\/\/hoyventas.com\/index.php\/wp-json\/wp\/v2\/types\/product"}],"wp:featuredmedia":[{"embeddable":true,"href":"https:\/\/hoyventas.com\/index.php\/wp-json\/wp\/v2\/media\/2160"}],"wp:attachment":[{"href":"https:\/\/hoyventas.com\/index.php\/wp-json\/wp\/v2\/media?parent=1769"}],"wp:term":[{"taxonomy":"product_brand","embeddable":true,"href":"https:\/\/hoyventas.com\/index.php\/wp-json\/wp\/v2\/product_brand?post=1769"},{"taxonomy":"product_cat","embeddable":true,"href":"https:\/\/hoyventas.com\/index.php\/wp-json\/wp\/v2\/product_cat?post=1769"},{"taxonomy":"product_tag","embeddable":true,"href":"https:\/\/hoyventas.com\/index.php\/wp-json\/wp\/v2\/product_tag?post=1769"}],"curies":[{"name":"wp","href":"https:\/\/api.w.org\/{rel}","templated":true}]}}