{"id":1777,"date":"2025-08-06T10:57:58","date_gmt":"2025-08-06T10:57:58","guid":{"rendered":"https:\/\/hoyventas.com\/?post_type=product&#038;p=1777"},"modified":"2025-08-06T10:57:58","modified_gmt":"2025-08-06T10:57:58","slug":"muneco-interactivo-bebe-en-pijama-con-12-sonidos","status":"publish","type":"product","link":"https:\/\/hoyventas.com\/index.php\/product\/muneco-interactivo-bebe-en-pijama-con-12-sonidos\/","title":{"rendered":"Mu\u00f1eco Interactivo Beb\u00e9 En Pijama Con 12 Sonidos"},"content":{"rendered":"<p>Mu\u00f1eco beb\u00e9 en pijamas con sonidos realistas: un compa\u00f1ero ideal para el juego y la ternura.<\/p>\n<p>Este adorable mu\u00f1eco de 30 cm viene vestido con suaves pijamas y emite hasta 12 sonidos distintos que imitan las expresiones t\u00edpicas de un beb\u00e9: dice \u201cmam\u00e1\u201d, \u201cpap\u00e1\u201d, r\u00ede, llora, bosteza, estornuda, balbucea y m\u00e1s. Perfecto para estimular el juego de roles y la imaginaci\u00f3n de los m\u00e1s peque\u00f1os.<\/p>\n<p>_Incluye plato y cuchara para darle de comer y hacerlo a\u00fan m\u00e1s realista<br \/>\n_Sonidos activados al presionar su pecho<br \/>\n_Pilas de bot\u00f3n incluidas (solo retirar la cinta de seguridad)<br \/>\n_Colores surtidos sujetos a disponibilidad de stock<br \/>\n_Medidas del mu\u00f1eco: 30 x 15 cm<br \/>\n_Presentaci\u00f3n en bolsa<\/p>\n<p>Un regalo tierno, interactivo y lleno de emoci\u00f3n que invita a cuidar, jugar y aprender.<\/p>\n","protected":false},"excerpt":{"rendered":"<p>Mu\u00f1eco beb\u00e9 en pijamas con sonidos realistas: un compa\u00f1ero ideal para el juego y la ternura. Este adorable mu\u00f1eco de 30 cm viene vestido con suaves pijamas y emite hasta 12 sonidos distintos que imitan las expresiones t\u00edpicas de un beb\u00e9: dice \u201cmam\u00e1\u201d, \u201cpap\u00e1\u201d, r\u00ede, llora, bosteza, estornuda, balbucea y m\u00e1s. Perfecto para estimular el [&hellip;]<\/p>\n","protected":false},"featured_media":1780,"template":"","meta":{"site-sidebar-layout":"default","site-content-layout":"","ast-site-content-layout":"default","site-content-style":"default","site-sidebar-style":"default","ast-global-header-display":"","ast-banner-title-visibility":"","ast-main-header-display":"","ast-hfb-above-header-display":"","ast-hfb-below-header-display":"","ast-hfb-mobile-header-display":"","site-post-title":"","ast-breadcrumbs-content":"","ast-featured-img":"","footer-sml-layout":"","theme-transparent-header-meta":"default","adv-header-id-meta":"","stick-header-meta":"","header-above-stick-meta":"","header-main-stick-meta":"","header-below-stick-meta":"","astra-migrate-meta-layouts":"set","ast-page-background-enabled":"default","ast-page-background-meta":{"desktop":{"background-color":"var(--ast-global-color-4)","background-image":"","background-repeat":"repeat","background-position":"center center","background-size":"auto","background-attachment":"scroll","background-type":"","background-media":"","overlay-type":"","overlay-color":"","overlay-opacity":"","overlay-gradient":""},"tablet":{"background-color":"","background-image":"","background-repeat":"repeat","background-position":"center center","background-size":"auto","background-attachment":"scroll","background-type":"","background-media":"","overlay-type":"","overlay-color":"","overlay-opacity":"","overlay-gradient":""},"mobile":{"background-color":"","background-image":"","background-repeat":"repeat","background-position":"center center","background-size":"auto","background-attachment":"scroll","background-type":"","background-media":"","overlay-type":"","overlay-color":"","overlay-opacity":"","overlay-gradient":""}},"ast-content-background-meta":{"desktop":{"background-color":"var(--ast-global-color-5)","background-image":"","background-repeat":"repeat","background-position":"center center","background-size":"auto","background-attachment":"scroll","background-type":"","background-media":"","overlay-type":"","overlay-color":"","overlay-opacity":"","overlay-gradient":""},"tablet":{"background-color":"var(--ast-global-color-5)","background-image":"","background-repeat":"repeat","background-position":"center center","background-size":"auto","background-attachment":"scroll","background-type":"","background-media":"","overlay-type":"","overlay-color":"","overlay-opacity":"","overlay-gradient":""},"mobile":{"background-color":"var(--ast-global-color-5)","background-image":"","background-repeat":"repeat","background-position":"center center","background-size":"auto","background-attachment":"scroll","background-type":"","background-media":"","overlay-type":"","overlay-color":"","overlay-opacity":"","overlay-gradient":""}},"_joinchat":[]},"product_brand":[],"product_cat":[90],"product_tag":[],"class_list":{"0":"post-1777","1":"product","2":"type-product","3":"status-publish","4":"has-post-thumbnail","6":"product_cat-bebes-y-ninos","7":"desktop-align-left","8":"tablet-align-left","9":"mobile-align-left","11":"first","12":"instock","13":"shipping-taxable","14":"purchasable","15":"product-type-simple"},"_links":{"self":[{"href":"https:\/\/hoyventas.com\/index.php\/wp-json\/wp\/v2\/product\/1777","targetHints":{"allow":["GET"]}}],"collection":[{"href":"https:\/\/hoyventas.com\/index.php\/wp-json\/wp\/v2\/product"}],"about":[{"href":"https:\/\/hoyventas.com\/index.php\/wp-json\/wp\/v2\/types\/product"}],"wp:featuredmedia":[{"embeddable":true,"href":"https:\/\/hoyventas.com\/index.php\/wp-json\/wp\/v2\/media\/1780"}],"wp:attachment":[{"href":"https:\/\/hoyventas.com\/index.php\/wp-json\/wp\/v2\/media?parent=1777"}],"wp:term":[{"taxonomy":"product_brand","embeddable":true,"href":"https:\/\/hoyventas.com\/index.php\/wp-json\/wp\/v2\/product_brand?post=1777"},{"taxonomy":"product_cat","embeddable":true,"href":"https:\/\/hoyventas.com\/index.php\/wp-json\/wp\/v2\/product_cat?post=1777"},{"taxonomy":"product_tag","embeddable":true,"href":"https:\/\/hoyventas.com\/index.php\/wp-json\/wp\/v2\/product_tag?post=1777"}],"curies":[{"name":"wp","href":"https:\/\/api.w.org\/{rel}","templated":true}]}}