{"id":1804,"date":"2025-08-06T11:10:42","date_gmt":"2025-08-06T11:10:42","guid":{"rendered":"https:\/\/hoyventas.com\/?post_type=product&#038;p=1804"},"modified":"2025-12-10T11:52:40","modified_gmt":"2025-12-10T11:52:40","slug":"mesa-de-cama-reclinable-para-laptop-plegable-con-posa-vaso","status":"publish","type":"product","link":"https:\/\/hoyventas.com\/index.php\/product\/mesa-de-cama-reclinable-para-laptop-plegable-con-posa-vaso\/","title":{"rendered":"Mesa De Cama Reclinable Para Laptop Plegable Con Posa Vaso"},"content":{"rendered":"<p>Mesa plegable para port\u00e1til ajustable.<br \/>\nPerfecta para usar en la cama o el sill\u00f3n, con 5 ranuras para una mejor visualizaci\u00f3n. Su dise\u00f1o antideslizante asegura la estabilidad del port\u00e1til. Fabricada en material ecol\u00f3gico, es ligera y se pliega para facilitar el transporte y almacenamiento. Incluye ranura para portavasos y patas de acero que ofrecen estabilidad. Ajustable de 0 a 45\u00b0, es ideal para trabajar, estudiar, dibujar o disfrutar de tus programas favoritos.<\/p>\n","protected":false},"excerpt":{"rendered":"<p>Mesa plegable para port\u00e1til ajustable. Perfecta para usar en la cama o el sill\u00f3n, con 5 ranuras para una mejor visualizaci\u00f3n. Su dise\u00f1o antideslizante asegura la estabilidad del port\u00e1til. Fabricada en material ecol\u00f3gico, es ligera y se pliega para facilitar el transporte y almacenamiento. Incluye ranura para portavasos y patas de acero que ofrecen estabilidad. [&hellip;]<\/p>\n","protected":false},"featured_media":1805,"template":"","meta":{"site-sidebar-layout":"default","site-content-layout":"","ast-site-content-layout":"default","site-content-style":"default","site-sidebar-style":"default","ast-global-header-display":"","ast-banner-title-visibility":"","ast-main-header-display":"","ast-hfb-above-header-display":"","ast-hfb-below-header-display":"","ast-hfb-mobile-header-display":"","site-post-title":"","ast-breadcrumbs-content":"","ast-featured-img":"","footer-sml-layout":"","theme-transparent-header-meta":"default","adv-header-id-meta":"","stick-header-meta":"","header-above-stick-meta":"","header-main-stick-meta":"","header-below-stick-meta":"","astra-migrate-meta-layouts":"set","ast-page-background-enabled":"default","ast-page-background-meta":{"desktop":{"background-color":"var(--ast-global-color-4)","background-image":"","background-repeat":"repeat","background-position":"center center","background-size":"auto","background-attachment":"scroll","background-type":"","background-media":"","overlay-type":"","overlay-color":"","overlay-opacity":"","overlay-gradient":""},"tablet":{"background-color":"","background-image":"","background-repeat":"repeat","background-position":"center center","background-size":"auto","background-attachment":"scroll","background-type":"","background-media":"","overlay-type":"","overlay-color":"","overlay-opacity":"","overlay-gradient":""},"mobile":{"background-color":"","background-image":"","background-repeat":"repeat","background-position":"center center","background-size":"auto","background-attachment":"scroll","background-type":"","background-media":"","overlay-type":"","overlay-color":"","overlay-opacity":"","overlay-gradient":""}},"ast-content-background-meta":{"desktop":{"background-color":"var(--ast-global-color-5)","background-image":"","background-repeat":"repeat","background-position":"center center","background-size":"auto","background-attachment":"scroll","background-type":"","background-media":"","overlay-type":"","overlay-color":"","overlay-opacity":"","overlay-gradient":""},"tablet":{"background-color":"var(--ast-global-color-5)","background-image":"","background-repeat":"repeat","background-position":"center center","background-size":"auto","background-attachment":"scroll","background-type":"","background-media":"","overlay-type":"","overlay-color":"","overlay-opacity":"","overlay-gradient":""},"mobile":{"background-color":"var(--ast-global-color-5)","background-image":"","background-repeat":"repeat","background-position":"center center","background-size":"auto","background-attachment":"scroll","background-type":"","background-media":"","overlay-type":"","overlay-color":"","overlay-opacity":"","overlay-gradient":""}},"_joinchat":[]},"product_brand":[],"product_cat":[178,165],"product_tag":[],"class_list":{"0":"post-1804","1":"product","2":"type-product","3":"status-publish","4":"has-post-thumbnail","6":"product_cat-dia-del-padre","7":"product_cat-hogar","8":"desktop-align-left","9":"tablet-align-left","10":"mobile-align-left","12":"first","13":"instock","14":"shipping-taxable","15":"purchasable","16":"product-type-simple"},"_links":{"self":[{"href":"https:\/\/hoyventas.com\/index.php\/wp-json\/wp\/v2\/product\/1804","targetHints":{"allow":["GET"]}}],"collection":[{"href":"https:\/\/hoyventas.com\/index.php\/wp-json\/wp\/v2\/product"}],"about":[{"href":"https:\/\/hoyventas.com\/index.php\/wp-json\/wp\/v2\/types\/product"}],"wp:featuredmedia":[{"embeddable":true,"href":"https:\/\/hoyventas.com\/index.php\/wp-json\/wp\/v2\/media\/1805"}],"wp:attachment":[{"href":"https:\/\/hoyventas.com\/index.php\/wp-json\/wp\/v2\/media?parent=1804"}],"wp:term":[{"taxonomy":"product_brand","embeddable":true,"href":"https:\/\/hoyventas.com\/index.php\/wp-json\/wp\/v2\/product_brand?post=1804"},{"taxonomy":"product_cat","embeddable":true,"href":"https:\/\/hoyventas.com\/index.php\/wp-json\/wp\/v2\/product_cat?post=1804"},{"taxonomy":"product_tag","embeddable":true,"href":"https:\/\/hoyventas.com\/index.php\/wp-json\/wp\/v2\/product_tag?post=1804"}],"curies":[{"name":"wp","href":"https:\/\/api.w.org\/{rel}","templated":true}]}}