{"id":1856,"date":"2025-10-02T14:37:40","date_gmt":"2025-10-02T14:37:40","guid":{"rendered":"https:\/\/hoyventas.com\/?post_type=product&#038;p=1856"},"modified":"2025-10-02T18:13:31","modified_gmt":"2025-10-02T18:13:31","slug":"guadana-con-mascara-de-dientes-de-dragon","status":"publish","type":"product","link":"https:\/\/hoyventas.com\/index.php\/product\/guadana-con-mascara-de-dientes-de-dragon\/","title":{"rendered":"Guada\u00f1a con M\u00e1scara de Dientes de Drag\u00f3n"},"content":{"rendered":"<p>Atr\u00e9vete a ser diferente y destaca con la Guada\u00f1a + M\u00e1scara Dientes Halloween Disfraces.<\/p>\n<ul data-start=\"507\" data-end=\"640\">\n<li data-start=\"507\" data-end=\"558\">\n<p data-start=\"509\" data-end=\"558\"><strong data-start=\"509\" data-end=\"534\">1 Guada\u00f1a de pl\u00e1stico<\/strong> liviana y resistente.<\/p>\n<\/li>\n<li data-start=\"559\" data-end=\"640\">\n<p data-start=\"561\" data-end=\"640\"><strong data-start=\"561\" data-end=\"595\">1 M\u00e1scara de Dientes de Drag\u00f3n<\/strong> con tiras el\u00e1sticas para un ajuste c\u00f3modo.<\/p>\n<\/li>\n<\/ul>\n<h3 data-start=\"642\" data-end=\"671\">\ud83d\udccf Medidas aproximadas:<\/h3>\n<ul data-start=\"672\" data-end=\"781\">\n<li data-start=\"672\" data-end=\"724\">\n<p data-start=\"674\" data-end=\"724\">Largo de la guada\u00f1a: 90 cm de largo y 33cm de ancho (armable en piezas).<\/p>\n<\/li>\n<li data-start=\"725\" data-end=\"781\">\n<p data-start=\"727\" data-end=\"781\">M\u00e1scara: tama\u00f1o est\u00e1ndar, apta para adultos y ni\u00f1os.<\/p>\n<\/li>\n<\/ul>\n<h3 data-start=\"783\" data-end=\"807\">\u2705 Caracter\u00edsticas:<\/h3>\n<ul data-start=\"808\" data-end=\"946\">\n<li data-start=\"808\" data-end=\"848\">\n<p data-start=\"810\" data-end=\"848\">Material: pl\u00e1stico liviano y seguro.<\/p>\n<\/li>\n<li data-start=\"849\" data-end=\"882\">\n<p data-start=\"851\" data-end=\"882\">F\u00e1cil de armar y transportar.<\/p>\n<\/li>\n<li data-start=\"883\" data-end=\"946\">\n<p data-start=\"885\" data-end=\"946\">Dise\u00f1o realista que complementa cualquier disfraz de miedo.<\/p>\n<\/li>\n<\/ul>\n","protected":false},"excerpt":{"rendered":"<p>Atr\u00e9vete a ser diferente y destaca con la Guada\u00f1a + M\u00e1scara Dientes Halloween Disfraces. 1 Guada\u00f1a de pl\u00e1stico liviana y resistente. 1 M\u00e1scara de Dientes de Drag\u00f3n con tiras el\u00e1sticas para un ajuste c\u00f3modo. \ud83d\udccf Medidas aproximadas: Largo de la guada\u00f1a: 90 cm de largo y 33cm de ancho (armable en piezas). M\u00e1scara: tama\u00f1o est\u00e1ndar, [&hellip;]<\/p>\n","protected":false},"featured_media":1859,"template":"","meta":{"site-sidebar-layout":"default","site-content-layout":"","ast-site-content-layout":"default","site-content-style":"default","site-sidebar-style":"default","ast-global-header-display":"","ast-banner-title-visibility":"","ast-main-header-display":"","ast-hfb-above-header-display":"","ast-hfb-below-header-display":"","ast-hfb-mobile-header-display":"","site-post-title":"","ast-breadcrumbs-content":"","ast-featured-img":"","footer-sml-layout":"","theme-transparent-header-meta":"default","adv-header-id-meta":"","stick-header-meta":"","header-above-stick-meta":"","header-main-stick-meta":"","header-below-stick-meta":"","astra-migrate-meta-layouts":"set","ast-page-background-enabled":"default","ast-page-background-meta":{"desktop":{"background-color":"var(--ast-global-color-4)","background-image":"","background-repeat":"repeat","background-position":"center center","background-size":"auto","background-attachment":"scroll","background-type":"","background-media":"","overlay-type":"","overlay-color":"","overlay-opacity":"","overlay-gradient":""},"tablet":{"background-color":"","background-image":"","background-repeat":"repeat","background-position":"center center","background-size":"auto","background-attachment":"scroll","background-type":"","background-media":"","overlay-type":"","overlay-color":"","overlay-opacity":"","overlay-gradient":""},"mobile":{"background-color":"","background-image":"","background-repeat":"repeat","background-position":"center center","background-size":"auto","background-attachment":"scroll","background-type":"","background-media":"","overlay-type":"","overlay-color":"","overlay-opacity":"","overlay-gradient":""}},"ast-content-background-meta":{"desktop":{"background-color":"var(--ast-global-color-5)","background-image":"","background-repeat":"repeat","background-position":"center center","background-size":"auto","background-attachment":"scroll","background-type":"","background-media":"","overlay-type":"","overlay-color":"","overlay-opacity":"","overlay-gradient":""},"tablet":{"background-color":"var(--ast-global-color-5)","background-image":"","background-repeat":"repeat","background-position":"center center","background-size":"auto","background-attachment":"scroll","background-type":"","background-media":"","overlay-type":"","overlay-color":"","overlay-opacity":"","overlay-gradient":""},"mobile":{"background-color":"var(--ast-global-color-5)","background-image":"","background-repeat":"repeat","background-position":"center center","background-size":"auto","background-attachment":"scroll","background-type":"","background-media":"","overlay-type":"","overlay-color":"","overlay-opacity":"","overlay-gradient":""}},"_joinchat":[]},"product_brand":[],"product_cat":[107,126],"product_tag":[],"class_list":{"0":"post-1856","1":"product","2":"type-product","3":"status-publish","4":"has-post-thumbnail","6":"product_cat-halloween","7":"product_cat-temporadas","8":"desktop-align-left","9":"tablet-align-left","10":"mobile-align-left","12":"first","13":"instock","14":"shipping-taxable","15":"purchasable","16":"product-type-simple"},"_links":{"self":[{"href":"https:\/\/hoyventas.com\/index.php\/wp-json\/wp\/v2\/product\/1856","targetHints":{"allow":["GET"]}}],"collection":[{"href":"https:\/\/hoyventas.com\/index.php\/wp-json\/wp\/v2\/product"}],"about":[{"href":"https:\/\/hoyventas.com\/index.php\/wp-json\/wp\/v2\/types\/product"}],"wp:featuredmedia":[{"embeddable":true,"href":"https:\/\/hoyventas.com\/index.php\/wp-json\/wp\/v2\/media\/1859"}],"wp:attachment":[{"href":"https:\/\/hoyventas.com\/index.php\/wp-json\/wp\/v2\/media?parent=1856"}],"wp:term":[{"taxonomy":"product_brand","embeddable":true,"href":"https:\/\/hoyventas.com\/index.php\/wp-json\/wp\/v2\/product_brand?post=1856"},{"taxonomy":"product_cat","embeddable":true,"href":"https:\/\/hoyventas.com\/index.php\/wp-json\/wp\/v2\/product_cat?post=1856"},{"taxonomy":"product_tag","embeddable":true,"href":"https:\/\/hoyventas.com\/index.php\/wp-json\/wp\/v2\/product_tag?post=1856"}],"curies":[{"name":"wp","href":"https:\/\/api.w.org\/{rel}","templated":true}]}}