{"id":1964,"date":"2025-10-18T10:21:55","date_gmt":"2025-10-18T10:21:55","guid":{"rendered":"https:\/\/hoyventas.com\/?post_type=product&#038;p=1964"},"modified":"2025-10-18T10:23:45","modified_gmt":"2025-10-18T10:23:45","slug":"fular-porta-bebe-semielastico-algodon-porteo-carrier","status":"publish","type":"product","link":"https:\/\/hoyventas.com\/index.php\/product\/fular-porta-bebe-semielastico-algodon-porteo-carrier\/","title":{"rendered":"Fular Porta Beb\u00e9 Semiel\u00e1stico Algod\u00f3n Porteo Carrier"},"content":{"rendered":"<p>Est\u00e1 confeccionado en tela modal elastizada, suave, respirable y con la elasticidad justa para un ajuste perfecto.<\/p>\n<p>Ideal desde reci\u00e9n nacidos hasta 16 kg<br \/>\nTela gris neutra, combina con todo<br \/>\nErgon\u00f3mico y seguro, distribuye el peso en hombros y espalda<br \/>\nMedida: 5 metros de largo<br \/>\nF\u00e1cil de colocar con distintos tipos de anudado<br \/>\nPerfecto para usar en casa o mientras hac\u00e9s las compras<\/p>\n<p>Transmit\u00ed confianza y tranquilidad a tu beb\u00e9 mientras segu\u00eds con tu d\u00eda a d\u00eda.<\/p>\n","protected":false},"excerpt":{"rendered":"<p>Est\u00e1 confeccionado en tela modal elastizada, suave, respirable y con la elasticidad justa para un ajuste perfecto. Ideal desde reci\u00e9n nacidos hasta 16 kg Tela gris neutra, combina con todo Ergon\u00f3mico y seguro, distribuye el peso en hombros y espalda Medida: 5 metros de largo F\u00e1cil de colocar con distintos tipos de anudado Perfecto para [&hellip;]<\/p>\n","protected":false},"featured_media":1965,"template":"","meta":{"site-sidebar-layout":"default","site-content-layout":"","ast-site-content-layout":"default","site-content-style":"default","site-sidebar-style":"default","ast-global-header-display":"","ast-banner-title-visibility":"","ast-main-header-display":"","ast-hfb-above-header-display":"","ast-hfb-below-header-display":"","ast-hfb-mobile-header-display":"","site-post-title":"","ast-breadcrumbs-content":"","ast-featured-img":"","footer-sml-layout":"","theme-transparent-header-meta":"default","adv-header-id-meta":"","stick-header-meta":"","header-above-stick-meta":"","header-main-stick-meta":"","header-below-stick-meta":"","astra-migrate-meta-layouts":"set","ast-page-background-enabled":"default","ast-page-background-meta":{"desktop":{"background-color":"var(--ast-global-color-4)","background-image":"","background-repeat":"repeat","background-position":"center center","background-size":"auto","background-attachment":"scroll","background-type":"","background-media":"","overlay-type":"","overlay-color":"","overlay-opacity":"","overlay-gradient":""},"tablet":{"background-color":"","background-image":"","background-repeat":"repeat","background-position":"center center","background-size":"auto","background-attachment":"scroll","background-type":"","background-media":"","overlay-type":"","overlay-color":"","overlay-opacity":"","overlay-gradient":""},"mobile":{"background-color":"","background-image":"","background-repeat":"repeat","background-position":"center center","background-size":"auto","background-attachment":"scroll","background-type":"","background-media":"","overlay-type":"","overlay-color":"","overlay-opacity":"","overlay-gradient":""}},"ast-content-background-meta":{"desktop":{"background-color":"var(--ast-global-color-5)","background-image":"","background-repeat":"repeat","background-position":"center center","background-size":"auto","background-attachment":"scroll","background-type":"","background-media":"","overlay-type":"","overlay-color":"","overlay-opacity":"","overlay-gradient":""},"tablet":{"background-color":"var(--ast-global-color-5)","background-image":"","background-repeat":"repeat","background-position":"center center","background-size":"auto","background-attachment":"scroll","background-type":"","background-media":"","overlay-type":"","overlay-color":"","overlay-opacity":"","overlay-gradient":""},"mobile":{"background-color":"var(--ast-global-color-5)","background-image":"","background-repeat":"repeat","background-position":"center center","background-size":"auto","background-attachment":"scroll","background-type":"","background-media":"","overlay-type":"","overlay-color":"","overlay-opacity":"","overlay-gradient":""}},"_joinchat":[]},"product_brand":[],"product_cat":[90,166],"product_tag":[],"class_list":{"0":"post-1964","1":"product","2":"type-product","3":"status-publish","4":"has-post-thumbnail","6":"product_cat-bebes-y-ninos","7":"product_cat-dia-de-la-madre","8":"desktop-align-left","9":"tablet-align-left","10":"mobile-align-left","12":"first","13":"instock","14":"shipping-taxable","15":"purchasable","16":"product-type-simple"},"_links":{"self":[{"href":"https:\/\/hoyventas.com\/index.php\/wp-json\/wp\/v2\/product\/1964","targetHints":{"allow":["GET"]}}],"collection":[{"href":"https:\/\/hoyventas.com\/index.php\/wp-json\/wp\/v2\/product"}],"about":[{"href":"https:\/\/hoyventas.com\/index.php\/wp-json\/wp\/v2\/types\/product"}],"wp:featuredmedia":[{"embeddable":true,"href":"https:\/\/hoyventas.com\/index.php\/wp-json\/wp\/v2\/media\/1965"}],"wp:attachment":[{"href":"https:\/\/hoyventas.com\/index.php\/wp-json\/wp\/v2\/media?parent=1964"}],"wp:term":[{"taxonomy":"product_brand","embeddable":true,"href":"https:\/\/hoyventas.com\/index.php\/wp-json\/wp\/v2\/product_brand?post=1964"},{"taxonomy":"product_cat","embeddable":true,"href":"https:\/\/hoyventas.com\/index.php\/wp-json\/wp\/v2\/product_cat?post=1964"},{"taxonomy":"product_tag","embeddable":true,"href":"https:\/\/hoyventas.com\/index.php\/wp-json\/wp\/v2\/product_tag?post=1964"}],"curies":[{"name":"wp","href":"https:\/\/api.w.org\/{rel}","templated":true}]}}