{"id":2055,"date":"2025-11-11T00:04:29","date_gmt":"2025-11-11T00:04:29","guid":{"rendered":"https:\/\/hoyventas.com\/?post_type=product&#038;p=2055"},"modified":"2026-01-22T11:43:13","modified_gmt":"2026-01-22T11:43:13","slug":"teclado-y-mouse-inalambrico-combo-2-4ghz-usb-pc-laptop","status":"publish","type":"product","link":"https:\/\/hoyventas.com\/index.php\/product\/teclado-y-mouse-inalambrico-combo-2-4ghz-usb-pc-laptop\/","title":{"rendered":"Teclado Y Mouse Inal\u00e1mbrico Combo 2.4ghz Usb Pc Laptop"},"content":{"rendered":"<p>Teclado y Mouse Inal\u00e1mbricos<\/p>\n<p>\u00a1Disfruta de la comodidad y practicidad de la tecnolog\u00eda sin cables! Este combo incluye un teclado ergon\u00f3mico de 105 teclas y un mouse \u00f3ptico 3D con scroll, dpi ajustable (800 \/ 1200 \/ 1600) y conexi\u00f3n 2.4GHz.<\/p>\n<p>Caracter\u00edsticas del teclado:<br \/>\nBotones de numeral separados.<br \/>\nFunciona con 1 bater\u00eda AA para el teclado y 1 bater\u00eda AA para el mouse (NO INCLUIDAS)<\/p>\n","protected":false},"excerpt":{"rendered":"<p>Teclado y Mouse Inal\u00e1mbricos \u00a1Disfruta de la comodidad y practicidad de la tecnolog\u00eda sin cables! Este combo incluye un teclado ergon\u00f3mico de 105 teclas y un mouse \u00f3ptico 3D con scroll, dpi ajustable (800 \/ 1200 \/ 1600) y conexi\u00f3n 2.4GHz. Caracter\u00edsticas del teclado: Botones de numeral separados. Funciona con 1 bater\u00eda AA para el [&hellip;]<\/p>\n","protected":false},"featured_media":2062,"template":"","meta":{"site-sidebar-layout":"default","site-content-layout":"","ast-site-content-layout":"default","site-content-style":"default","site-sidebar-style":"default","ast-global-header-display":"","ast-banner-title-visibility":"","ast-main-header-display":"","ast-hfb-above-header-display":"","ast-hfb-below-header-display":"","ast-hfb-mobile-header-display":"","site-post-title":"","ast-breadcrumbs-content":"","ast-featured-img":"","footer-sml-layout":"","theme-transparent-header-meta":"default","adv-header-id-meta":"","stick-header-meta":"","header-above-stick-meta":"","header-main-stick-meta":"","header-below-stick-meta":"","astra-migrate-meta-layouts":"set","ast-page-background-enabled":"default","ast-page-background-meta":{"desktop":{"background-color":"var(--ast-global-color-4)","background-image":"","background-repeat":"repeat","background-position":"center center","background-size":"auto","background-attachment":"scroll","background-type":"","background-media":"","overlay-type":"","overlay-color":"","overlay-opacity":"","overlay-gradient":""},"tablet":{"background-color":"","background-image":"","background-repeat":"repeat","background-position":"center center","background-size":"auto","background-attachment":"scroll","background-type":"","background-media":"","overlay-type":"","overlay-color":"","overlay-opacity":"","overlay-gradient":""},"mobile":{"background-color":"","background-image":"","background-repeat":"repeat","background-position":"center center","background-size":"auto","background-attachment":"scroll","background-type":"","background-media":"","overlay-type":"","overlay-color":"","overlay-opacity":"","overlay-gradient":""}},"ast-content-background-meta":{"desktop":{"background-color":"var(--ast-global-color-5)","background-image":"","background-repeat":"repeat","background-position":"center center","background-size":"auto","background-attachment":"scroll","background-type":"","background-media":"","overlay-type":"","overlay-color":"","overlay-opacity":"","overlay-gradient":""},"tablet":{"background-color":"var(--ast-global-color-5)","background-image":"","background-repeat":"repeat","background-position":"center center","background-size":"auto","background-attachment":"scroll","background-type":"","background-media":"","overlay-type":"","overlay-color":"","overlay-opacity":"","overlay-gradient":""},"mobile":{"background-color":"var(--ast-global-color-5)","background-image":"","background-repeat":"repeat","background-position":"center center","background-size":"auto","background-attachment":"scroll","background-type":"","background-media":"","overlay-type":"","overlay-color":"","overlay-opacity":"","overlay-gradient":""}},"_joinchat":[]},"product_brand":[],"product_cat":[178,90,126],"product_tag":[],"class_list":{"0":"post-2055","1":"product","2":"type-product","3":"status-publish","4":"has-post-thumbnail","6":"product_cat-dia-del-padre","7":"product_cat-bebes-y-ninos","8":"product_cat-temporadas","9":"desktop-align-left","10":"tablet-align-left","11":"mobile-align-left","13":"first","14":"instock","15":"sale","16":"shipping-taxable","17":"purchasable","18":"product-type-simple"},"_links":{"self":[{"href":"https:\/\/hoyventas.com\/index.php\/wp-json\/wp\/v2\/product\/2055","targetHints":{"allow":["GET"]}}],"collection":[{"href":"https:\/\/hoyventas.com\/index.php\/wp-json\/wp\/v2\/product"}],"about":[{"href":"https:\/\/hoyventas.com\/index.php\/wp-json\/wp\/v2\/types\/product"}],"wp:featuredmedia":[{"embeddable":true,"href":"https:\/\/hoyventas.com\/index.php\/wp-json\/wp\/v2\/media\/2062"}],"wp:attachment":[{"href":"https:\/\/hoyventas.com\/index.php\/wp-json\/wp\/v2\/media?parent=2055"}],"wp:term":[{"taxonomy":"product_brand","embeddable":true,"href":"https:\/\/hoyventas.com\/index.php\/wp-json\/wp\/v2\/product_brand?post=2055"},{"taxonomy":"product_cat","embeddable":true,"href":"https:\/\/hoyventas.com\/index.php\/wp-json\/wp\/v2\/product_cat?post=2055"},{"taxonomy":"product_tag","embeddable":true,"href":"https:\/\/hoyventas.com\/index.php\/wp-json\/wp\/v2\/product_tag?post=2055"}],"curies":[{"name":"wp","href":"https:\/\/api.w.org\/{rel}","templated":true}]}}