{"id":2232,"date":"2026-01-18T10:27:01","date_gmt":"2026-01-18T10:27:01","guid":{"rendered":"https:\/\/hoyventas.com\/?post_type=product&#038;p=2232"},"modified":"2026-01-18T10:27:01","modified_gmt":"2026-01-18T10:27:01","slug":"kit-de-utiles-liceales-super-completo-2","status":"publish","type":"product","link":"https:\/\/hoyventas.com\/index.php\/product\/kit-de-utiles-liceales-super-completo-2\/","title":{"rendered":"Kit De \u00datiles Liceales Super Completo"},"content":{"rendered":"<p>_10 Cuadernolas Flex de 96 Hojas<\/p>\n<p>_ 10 Lapiceras de Colores de 15 cm<\/p>\n<p>_ 6 Lapiceras (4 azules, 1 Roja y 1 Negra de 14 cm)<\/p>\n<p>_ 12 L\u00e1pices de Colores 18 cm<\/p>\n<p>_ 10 L\u00e1pices con goma de 19 cm + 1 Gomas de borrar + 1 Saca puntas de Pl\u00e1stico<\/p>\n<p>_ 2 Marcadores de Colores<\/p>\n<p>_2 Sacapuntas con Deposito<\/p>\n<p>_ 1 Cartuchera 21&#215;9 cm *COLORES ROSA O NEGRO*<\/p>\n","protected":false},"excerpt":{"rendered":"<p>_10 Cuadernolas Flex de 96 Hojas _ 10 Lapiceras de Colores de 15 cm _ 6 Lapiceras (4 azules, 1 Roja y 1 Negra de 14 cm) _ 12 L\u00e1pices de Colores 18 cm _ 10 L\u00e1pices con goma de 19 cm + 1 Gomas de borrar + 1 Saca puntas de Pl\u00e1stico _ 2 [&hellip;]<\/p>\n","protected":false},"featured_media":2233,"template":"","meta":{"site-sidebar-layout":"default","site-content-layout":"","ast-site-content-layout":"default","site-content-style":"default","site-sidebar-style":"default","ast-global-header-display":"","ast-banner-title-visibility":"","ast-main-header-display":"","ast-hfb-above-header-display":"","ast-hfb-below-header-display":"","ast-hfb-mobile-header-display":"","site-post-title":"","ast-breadcrumbs-content":"","ast-featured-img":"","footer-sml-layout":"","theme-transparent-header-meta":"default","adv-header-id-meta":"","stick-header-meta":"","header-above-stick-meta":"","header-main-stick-meta":"","header-below-stick-meta":"","astra-migrate-meta-layouts":"set","ast-page-background-enabled":"default","ast-page-background-meta":{"desktop":{"background-color":"var(--ast-global-color-4)","background-image":"","background-repeat":"repeat","background-position":"center center","background-size":"auto","background-attachment":"scroll","background-type":"","background-media":"","overlay-type":"","overlay-color":"","overlay-opacity":"","overlay-gradient":""},"tablet":{"background-color":"","background-image":"","background-repeat":"repeat","background-position":"center center","background-size":"auto","background-attachment":"scroll","background-type":"","background-media":"","overlay-type":"","overlay-color":"","overlay-opacity":"","overlay-gradient":""},"mobile":{"background-color":"","background-image":"","background-repeat":"repeat","background-position":"center center","background-size":"auto","background-attachment":"scroll","background-type":"","background-media":"","overlay-type":"","overlay-color":"","overlay-opacity":"","overlay-gradient":""}},"ast-content-background-meta":{"desktop":{"background-color":"var(--ast-global-color-5)","background-image":"","background-repeat":"repeat","background-position":"center center","background-size":"auto","background-attachment":"scroll","background-type":"","background-media":"","overlay-type":"","overlay-color":"","overlay-opacity":"","overlay-gradient":""},"tablet":{"background-color":"var(--ast-global-color-5)","background-image":"","background-repeat":"repeat","background-position":"center center","background-size":"auto","background-attachment":"scroll","background-type":"","background-media":"","overlay-type":"","overlay-color":"","overlay-opacity":"","overlay-gradient":""},"mobile":{"background-color":"var(--ast-global-color-5)","background-image":"","background-repeat":"repeat","background-position":"center center","background-size":"auto","background-attachment":"scroll","background-type":"","background-media":"","overlay-type":"","overlay-color":"","overlay-opacity":"","overlay-gradient":""}},"_joinchat":[]},"product_brand":[],"product_cat":[127],"product_tag":[],"class_list":{"0":"post-2232","1":"product","2":"type-product","3":"status-publish","4":"has-post-thumbnail","6":"product_cat-escolares","7":"desktop-align-left","8":"tablet-align-left","9":"mobile-align-left","11":"first","12":"instock","13":"shipping-taxable","14":"purchasable","15":"product-type-simple"},"_links":{"self":[{"href":"https:\/\/hoyventas.com\/index.php\/wp-json\/wp\/v2\/product\/2232","targetHints":{"allow":["GET"]}}],"collection":[{"href":"https:\/\/hoyventas.com\/index.php\/wp-json\/wp\/v2\/product"}],"about":[{"href":"https:\/\/hoyventas.com\/index.php\/wp-json\/wp\/v2\/types\/product"}],"wp:featuredmedia":[{"embeddable":true,"href":"https:\/\/hoyventas.com\/index.php\/wp-json\/wp\/v2\/media\/2233"}],"wp:attachment":[{"href":"https:\/\/hoyventas.com\/index.php\/wp-json\/wp\/v2\/media?parent=2232"}],"wp:term":[{"taxonomy":"product_brand","embeddable":true,"href":"https:\/\/hoyventas.com\/index.php\/wp-json\/wp\/v2\/product_brand?post=2232"},{"taxonomy":"product_cat","embeddable":true,"href":"https:\/\/hoyventas.com\/index.php\/wp-json\/wp\/v2\/product_cat?post=2232"},{"taxonomy":"product_tag","embeddable":true,"href":"https:\/\/hoyventas.com\/index.php\/wp-json\/wp\/v2\/product_tag?post=2232"}],"curies":[{"name":"wp","href":"https:\/\/api.w.org\/{rel}","templated":true}]}}