{"id":2252,"date":"2026-01-21T14:56:43","date_gmt":"2026-01-21T14:56:43","guid":{"rendered":"https:\/\/hoyventas.com\/?post_type=product&#038;p=2252"},"modified":"2026-01-21T14:56:43","modified_gmt":"2026-01-21T14:56:43","slug":"boligrafo-lapicera-gel-0-7mm-x6-colores-metalicos","status":"publish","type":"product","link":"https:\/\/hoyventas.com\/index.php\/product\/boligrafo-lapicera-gel-0-7mm-x6-colores-metalicos\/","title":{"rendered":"Bol\u00edgrafo Lapicera Gel 0.7mm X6 Colores Met\u00e1licos"},"content":{"rendered":"<p>Bol\u00edgrafo lapicera gel 0.7mm.<\/p>\n<p>Contiene: 6 unidades.<\/p>\n<p>Colores met\u00e1licos Se puede reemplazar la recarga.<\/p>\n<p>Medidas del empaque: 6x15cm.<\/p>\n","protected":false},"excerpt":{"rendered":"<p>Bol\u00edgrafo lapicera gel 0.7mm. Contiene: 6 unidades. Colores met\u00e1licos Se puede reemplazar la recarga. Medidas del empaque: 6x15cm.<\/p>\n","protected":false},"featured_media":2253,"template":"","meta":{"site-sidebar-layout":"default","site-content-layout":"","ast-site-content-layout":"default","site-content-style":"default","site-sidebar-style":"default","ast-global-header-display":"","ast-banner-title-visibility":"","ast-main-header-display":"","ast-hfb-above-header-display":"","ast-hfb-below-header-display":"","ast-hfb-mobile-header-display":"","site-post-title":"","ast-breadcrumbs-content":"","ast-featured-img":"","footer-sml-layout":"","theme-transparent-header-meta":"default","adv-header-id-meta":"","stick-header-meta":"","header-above-stick-meta":"","header-main-stick-meta":"","header-below-stick-meta":"","astra-migrate-meta-layouts":"set","ast-page-background-enabled":"default","ast-page-background-meta":{"desktop":{"background-color":"var(--ast-global-color-4)","background-image":"","background-repeat":"repeat","background-position":"center center","background-size":"auto","background-attachment":"scroll","background-type":"","background-media":"","overlay-type":"","overlay-color":"","overlay-opacity":"","overlay-gradient":""},"tablet":{"background-color":"","background-image":"","background-repeat":"repeat","background-position":"center center","background-size":"auto","background-attachment":"scroll","background-type":"","background-media":"","overlay-type":"","overlay-color":"","overlay-opacity":"","overlay-gradient":""},"mobile":{"background-color":"","background-image":"","background-repeat":"repeat","background-position":"center center","background-size":"auto","background-attachment":"scroll","background-type":"","background-media":"","overlay-type":"","overlay-color":"","overlay-opacity":"","overlay-gradient":""}},"ast-content-background-meta":{"desktop":{"background-color":"var(--ast-global-color-5)","background-image":"","background-repeat":"repeat","background-position":"center center","background-size":"auto","background-attachment":"scroll","background-type":"","background-media":"","overlay-type":"","overlay-color":"","overlay-opacity":"","overlay-gradient":""},"tablet":{"background-color":"var(--ast-global-color-5)","background-image":"","background-repeat":"repeat","background-position":"center center","background-size":"auto","background-attachment":"scroll","background-type":"","background-media":"","overlay-type":"","overlay-color":"","overlay-opacity":"","overlay-gradient":""},"mobile":{"background-color":"var(--ast-global-color-5)","background-image":"","background-repeat":"repeat","background-position":"center center","background-size":"auto","background-attachment":"scroll","background-type":"","background-media":"","overlay-type":"","overlay-color":"","overlay-opacity":"","overlay-gradient":""}},"_joinchat":[]},"product_brand":[],"product_cat":[127],"product_tag":[],"class_list":{"0":"post-2252","1":"product","2":"type-product","3":"status-publish","4":"has-post-thumbnail","6":"product_cat-escolares","7":"desktop-align-left","8":"tablet-align-left","9":"mobile-align-left","11":"first","12":"instock","13":"shipping-taxable","14":"purchasable","15":"product-type-simple"},"_links":{"self":[{"href":"https:\/\/hoyventas.com\/index.php\/wp-json\/wp\/v2\/product\/2252","targetHints":{"allow":["GET"]}}],"collection":[{"href":"https:\/\/hoyventas.com\/index.php\/wp-json\/wp\/v2\/product"}],"about":[{"href":"https:\/\/hoyventas.com\/index.php\/wp-json\/wp\/v2\/types\/product"}],"wp:featuredmedia":[{"embeddable":true,"href":"https:\/\/hoyventas.com\/index.php\/wp-json\/wp\/v2\/media\/2253"}],"wp:attachment":[{"href":"https:\/\/hoyventas.com\/index.php\/wp-json\/wp\/v2\/media?parent=2252"}],"wp:term":[{"taxonomy":"product_brand","embeddable":true,"href":"https:\/\/hoyventas.com\/index.php\/wp-json\/wp\/v2\/product_brand?post=2252"},{"taxonomy":"product_cat","embeddable":true,"href":"https:\/\/hoyventas.com\/index.php\/wp-json\/wp\/v2\/product_cat?post=2252"},{"taxonomy":"product_tag","embeddable":true,"href":"https:\/\/hoyventas.com\/index.php\/wp-json\/wp\/v2\/product_tag?post=2252"}],"curies":[{"name":"wp","href":"https:\/\/api.w.org\/{rel}","templated":true}]}}