{"id":2257,"date":"2026-01-21T18:55:47","date_gmt":"2026-01-21T18:55:47","guid":{"rendered":"https:\/\/hoyventas.com\/?post_type=product&#038;p=2257"},"modified":"2026-01-29T14:48:05","modified_gmt":"2026-01-29T14:48:05","slug":"compas-de-metal-con-lapiz-incluido-en-estuche","status":"publish","type":"product","link":"https:\/\/hoyventas.com\/index.php\/product\/compas-de-metal-con-lapiz-incluido-en-estuche\/","title":{"rendered":"Comp\u00e1s De Metal Con L\u00e1piz Incluido En Estuche"},"content":{"rendered":"<p>Comp\u00e1s con l\u00e1piz ideal para uso escolar y tareas de geometr\u00eda. Fabricado para brindar precisi\u00f3n y durabilidad en el trazado. _medida 12 cm _incluye l\u00e1piz _en estuche pl\u00e1stico _color negro Apto para primaria, liceo y UTU. F\u00e1cil de transportar y guardar.<\/p>\n","protected":false},"excerpt":{"rendered":"<p>Comp\u00e1s con l\u00e1piz ideal para uso escolar y tareas de geometr\u00eda. Fabricado para brindar precisi\u00f3n y durabilidad en el trazado. _medida 12 cm _incluye l\u00e1piz _en estuche pl\u00e1stico _color negro Apto para primaria, liceo y UTU. F\u00e1cil de transportar y guardar.<\/p>\n","protected":false},"featured_media":2258,"template":"","meta":{"site-sidebar-layout":"default","site-content-layout":"","ast-site-content-layout":"default","site-content-style":"default","site-sidebar-style":"default","ast-global-header-display":"","ast-banner-title-visibility":"","ast-main-header-display":"","ast-hfb-above-header-display":"","ast-hfb-below-header-display":"","ast-hfb-mobile-header-display":"","site-post-title":"","ast-breadcrumbs-content":"","ast-featured-img":"","footer-sml-layout":"","theme-transparent-header-meta":"default","adv-header-id-meta":"","stick-header-meta":"","header-above-stick-meta":"","header-main-stick-meta":"","header-below-stick-meta":"","astra-migrate-meta-layouts":"set","ast-page-background-enabled":"default","ast-page-background-meta":{"desktop":{"background-color":"var(--ast-global-color-4)","background-image":"","background-repeat":"repeat","background-position":"center center","background-size":"auto","background-attachment":"scroll","background-type":"","background-media":"","overlay-type":"","overlay-color":"","overlay-opacity":"","overlay-gradient":""},"tablet":{"background-color":"","background-image":"","background-repeat":"repeat","background-position":"center center","background-size":"auto","background-attachment":"scroll","background-type":"","background-media":"","overlay-type":"","overlay-color":"","overlay-opacity":"","overlay-gradient":""},"mobile":{"background-color":"","background-image":"","background-repeat":"repeat","background-position":"center center","background-size":"auto","background-attachment":"scroll","background-type":"","background-media":"","overlay-type":"","overlay-color":"","overlay-opacity":"","overlay-gradient":""}},"ast-content-background-meta":{"desktop":{"background-color":"var(--ast-global-color-5)","background-image":"","background-repeat":"repeat","background-position":"center center","background-size":"auto","background-attachment":"scroll","background-type":"","background-media":"","overlay-type":"","overlay-color":"","overlay-opacity":"","overlay-gradient":""},"tablet":{"background-color":"var(--ast-global-color-5)","background-image":"","background-repeat":"repeat","background-position":"center center","background-size":"auto","background-attachment":"scroll","background-type":"","background-media":"","overlay-type":"","overlay-color":"","overlay-opacity":"","overlay-gradient":""},"mobile":{"background-color":"var(--ast-global-color-5)","background-image":"","background-repeat":"repeat","background-position":"center center","background-size":"auto","background-attachment":"scroll","background-type":"","background-media":"","overlay-type":"","overlay-color":"","overlay-opacity":"","overlay-gradient":""}},"_joinchat":[]},"product_brand":[],"product_cat":[127],"product_tag":[],"class_list":{"0":"post-2257","1":"product","2":"type-product","3":"status-publish","4":"has-post-thumbnail","6":"product_cat-escolares","7":"desktop-align-left","8":"tablet-align-left","9":"mobile-align-left","11":"first","12":"instock","13":"shipping-taxable","14":"purchasable","15":"product-type-simple"},"_links":{"self":[{"href":"https:\/\/hoyventas.com\/index.php\/wp-json\/wp\/v2\/product\/2257","targetHints":{"allow":["GET"]}}],"collection":[{"href":"https:\/\/hoyventas.com\/index.php\/wp-json\/wp\/v2\/product"}],"about":[{"href":"https:\/\/hoyventas.com\/index.php\/wp-json\/wp\/v2\/types\/product"}],"wp:featuredmedia":[{"embeddable":true,"href":"https:\/\/hoyventas.com\/index.php\/wp-json\/wp\/v2\/media\/2258"}],"wp:attachment":[{"href":"https:\/\/hoyventas.com\/index.php\/wp-json\/wp\/v2\/media?parent=2257"}],"wp:term":[{"taxonomy":"product_brand","embeddable":true,"href":"https:\/\/hoyventas.com\/index.php\/wp-json\/wp\/v2\/product_brand?post=2257"},{"taxonomy":"product_cat","embeddable":true,"href":"https:\/\/hoyventas.com\/index.php\/wp-json\/wp\/v2\/product_cat?post=2257"},{"taxonomy":"product_tag","embeddable":true,"href":"https:\/\/hoyventas.com\/index.php\/wp-json\/wp\/v2\/product_tag?post=2257"}],"curies":[{"name":"wp","href":"https:\/\/api.w.org\/{rel}","templated":true}]}}