{"id":295,"date":"2023-03-25T22:54:25","date_gmt":"2023-03-25T22:54:25","guid":{"rendered":"https:\/\/hoyventas.com\/?post_type=product&#038;p=295"},"modified":"2024-04-07T23:30:01","modified_gmt":"2024-04-07T23:30:01","slug":"juego-de-2-pedales-metalicos-cromados-reflectores-bicicleta","status":"publish","type":"product","link":"https:\/\/hoyventas.com\/index.php\/product\/juego-de-2-pedales-metalicos-cromados-reflectores-bicicleta\/","title":{"rendered":"Juego De 2 Pedales Met\u00e1licos Cromados Reflectores Bicicleta"},"content":{"rendered":"<p>Par de pedales cromados para bicicleta.<\/p>\n<p>Estructura 100% met\u00e1lica. Aluminio por fuera y eje con rosca de acero.<br \/>\nReflectores tipo ojos de gatos anaranjados, de acr\u00edlico.<\/p>\n<p>Color plateado o cromado.<\/p>\n<p>En cada rosca se aclara cu\u00e1l es el pedal derecho ( R ) y el izquierdo (L), ya que el izquierdo se enrosca y desenrosca exactamente al rev\u00e9s del derecho y de casi todas las roscas.<\/p>\n","protected":false},"excerpt":{"rendered":"<p>Par de pedales cromados para bicicleta. Estructura 100% met\u00e1lica. Aluminio por fuera y eje con rosca de acero. Reflectores tipo ojos de gatos anaranjados, de acr\u00edlico. Color plateado o cromado. En cada rosca se aclara cu\u00e1l es el pedal derecho ( R ) y el izquierdo (L), ya que el izquierdo se enrosca y desenrosca [&hellip;]<\/p>\n","protected":false},"featured_media":296,"template":"","meta":{"site-sidebar-layout":"default","site-content-layout":"default","ast-site-content-layout":"","site-content-style":"default","site-sidebar-style":"default","ast-global-header-display":"","ast-banner-title-visibility":"","ast-main-header-display":"","ast-hfb-above-header-display":"","ast-hfb-below-header-display":"","ast-hfb-mobile-header-display":"","site-post-title":"","ast-breadcrumbs-content":"","ast-featured-img":"","footer-sml-layout":"","theme-transparent-header-meta":"default","adv-header-id-meta":"","stick-header-meta":"","header-above-stick-meta":"","header-main-stick-meta":"","header-below-stick-meta":"","astra-migrate-meta-layouts":"default","ast-page-background-enabled":"default","ast-page-background-meta":{"desktop":{"background-color":"var(--ast-global-color-4)","background-image":"","background-repeat":"repeat","background-position":"center center","background-size":"auto","background-attachment":"scroll","background-type":"","background-media":"","overlay-type":"","overlay-color":"","overlay-opacity":"","overlay-gradient":""},"tablet":{"background-color":"","background-image":"","background-repeat":"repeat","background-position":"center center","background-size":"auto","background-attachment":"scroll","background-type":"","background-media":"","overlay-type":"","overlay-color":"","overlay-opacity":"","overlay-gradient":""},"mobile":{"background-color":"","background-image":"","background-repeat":"repeat","background-position":"center center","background-size":"auto","background-attachment":"scroll","background-type":"","background-media":"","overlay-type":"","overlay-color":"","overlay-opacity":"","overlay-gradient":""}},"ast-content-background-meta":{"desktop":{"background-color":"var(--ast-global-color-5)","background-image":"","background-repeat":"repeat","background-position":"center center","background-size":"auto","background-attachment":"scroll","background-type":"","background-media":"","overlay-type":"","overlay-color":"","overlay-opacity":"","overlay-gradient":""},"tablet":{"background-color":"var(--ast-global-color-5)","background-image":"","background-repeat":"repeat","background-position":"center center","background-size":"auto","background-attachment":"scroll","background-type":"","background-media":"","overlay-type":"","overlay-color":"","overlay-opacity":"","overlay-gradient":""},"mobile":{"background-color":"var(--ast-global-color-5)","background-image":"","background-repeat":"repeat","background-position":"center center","background-size":"auto","background-attachment":"scroll","background-type":"","background-media":"","overlay-type":"","overlay-color":"","overlay-opacity":"","overlay-gradient":""}},"_joinchat":[]},"product_brand":[],"product_cat":[17,23],"product_tag":[84,27,26,88],"class_list":{"0":"post-295","1":"product","2":"type-product","3":"status-publish","4":"has-post-thumbnail","6":"product_cat-herramientas","7":"product_cat-motos-y-bicicletas","8":"product_tag-bicicleta","9":"product_tag-ciclismo","10":"product_tag-para-bici","11":"product_tag-partes","12":"desktop-align-left","13":"tablet-align-left","14":"mobile-align-left","16":"first","17":"outofstock","18":"shipping-taxable","19":"purchasable","20":"product-type-simple"},"_links":{"self":[{"href":"https:\/\/hoyventas.com\/index.php\/wp-json\/wp\/v2\/product\/295","targetHints":{"allow":["GET"]}}],"collection":[{"href":"https:\/\/hoyventas.com\/index.php\/wp-json\/wp\/v2\/product"}],"about":[{"href":"https:\/\/hoyventas.com\/index.php\/wp-json\/wp\/v2\/types\/product"}],"wp:featuredmedia":[{"embeddable":true,"href":"https:\/\/hoyventas.com\/index.php\/wp-json\/wp\/v2\/media\/296"}],"wp:attachment":[{"href":"https:\/\/hoyventas.com\/index.php\/wp-json\/wp\/v2\/media?parent=295"}],"wp:term":[{"taxonomy":"product_brand","embeddable":true,"href":"https:\/\/hoyventas.com\/index.php\/wp-json\/wp\/v2\/product_brand?post=295"},{"taxonomy":"product_cat","embeddable":true,"href":"https:\/\/hoyventas.com\/index.php\/wp-json\/wp\/v2\/product_cat?post=295"},{"taxonomy":"product_tag","embeddable":true,"href":"https:\/\/hoyventas.com\/index.php\/wp-json\/wp\/v2\/product_tag?post=295"}],"curies":[{"name":"wp","href":"https:\/\/api.w.org\/{rel}","templated":true}]}}