{"id":314,"date":"2023-03-25T23:16:19","date_gmt":"2023-03-25T23:16:19","guid":{"rendered":"https:\/\/hoyventas.com\/?post_type=product&#038;p=314"},"modified":"2025-12-27T23:46:03","modified_gmt":"2025-12-27T23:46:03","slug":"carpa-infantil-castillo-desarmable-para-ninos-y-ninas","status":"publish","type":"product","link":"https:\/\/hoyventas.com\/index.php\/product\/carpa-infantil-castillo-desarmable-para-ninos-y-ninas\/","title":{"rendered":"Carpa Infantil Castillo Desarmable Para Ni\u00f1os Y Ni\u00f1as"},"content":{"rendered":"<p>CARPA CASTILLO NI\u00d1OS NI\u00d1AS C\/SUELO,PUERTA MOSQUITERO Y BOLSO<\/p>\n<p>Carpa Castillos Infantiles Para Ni\u00f1os<\/p>\n<p>El mejor regalo para los ni\u00f1os.<\/p>\n<p>Colores disponibles: Azul y Rosa.<\/p>\n<p>Fabricada 100% en poli\u00e9ster resistente, muy f\u00e1cil de armar y desarmar. Dise\u00f1ada para el uso intensivo de los ni\u00f1os.<\/p>\n<p>Tama\u00f1o: 135 cm altura total.<\/p>\n<p><span class=\"ui-pdp-color--BLACK ui-pdp-size--XSMALL ui-pdp-family--BOLD\">Altura x Largo x Ancho<\/span>: 135 cm x 105 cm x 105 cm<\/p>\n","protected":false},"excerpt":{"rendered":"<p>CARPA CASTILLO NI\u00d1OS NI\u00d1AS C\/SUELO,PUERTA MOSQUITERO Y BOLSO Carpa Castillos Infantiles Para Ni\u00f1os El mejor regalo para los ni\u00f1os. Colores disponibles: Azul y Rosa. Fabricada 100% en poli\u00e9ster resistente, muy f\u00e1cil de armar y desarmar. Dise\u00f1ada para el uso intensivo de los ni\u00f1os. Tama\u00f1o: 135 cm altura total. Altura x Largo x Ancho: 135 cm [&hellip;]<\/p>\n","protected":false},"featured_media":315,"template":"","meta":{"site-sidebar-layout":"default","site-content-layout":"default","ast-site-content-layout":"default","site-content-style":"default","site-sidebar-style":"default","ast-global-header-display":"","ast-banner-title-visibility":"","ast-main-header-display":"","ast-hfb-above-header-display":"","ast-hfb-below-header-display":"","ast-hfb-mobile-header-display":"","site-post-title":"","ast-breadcrumbs-content":"","ast-featured-img":"","footer-sml-layout":"","theme-transparent-header-meta":"default","adv-header-id-meta":"","stick-header-meta":"","header-above-stick-meta":"","header-main-stick-meta":"","header-below-stick-meta":"","astra-migrate-meta-layouts":"set","ast-page-background-enabled":"default","ast-page-background-meta":{"desktop":{"background-color":"var(--ast-global-color-4)","background-image":"","background-repeat":"repeat","background-position":"center center","background-size":"auto","background-attachment":"scroll","background-type":"","background-media":"","overlay-type":"","overlay-color":"","overlay-opacity":"","overlay-gradient":""},"tablet":{"background-color":"","background-image":"","background-repeat":"repeat","background-position":"center center","background-size":"auto","background-attachment":"scroll","background-type":"","background-media":"","overlay-type":"","overlay-color":"","overlay-opacity":"","overlay-gradient":""},"mobile":{"background-color":"","background-image":"","background-repeat":"repeat","background-position":"center center","background-size":"auto","background-attachment":"scroll","background-type":"","background-media":"","overlay-type":"","overlay-color":"","overlay-opacity":"","overlay-gradient":""}},"ast-content-background-meta":{"desktop":{"background-color":"var(--ast-global-color-5)","background-image":"","background-repeat":"repeat","background-position":"center center","background-size":"auto","background-attachment":"scroll","background-type":"","background-media":"","overlay-type":"","overlay-color":"","overlay-opacity":"","overlay-gradient":""},"tablet":{"background-color":"var(--ast-global-color-5)","background-image":"","background-repeat":"repeat","background-position":"center center","background-size":"auto","background-attachment":"scroll","background-type":"","background-media":"","overlay-type":"","overlay-color":"","overlay-opacity":"","overlay-gradient":""},"mobile":{"background-color":"var(--ast-global-color-5)","background-image":"","background-repeat":"repeat","background-position":"center center","background-size":"auto","background-attachment":"scroll","background-type":"","background-media":"","overlay-type":"","overlay-color":"","overlay-opacity":"","overlay-gradient":""}},"_joinchat":[]},"product_brand":[],"product_cat":[90],"product_tag":[91],"class_list":{"0":"post-314","1":"product","2":"type-product","3":"status-publish","4":"has-post-thumbnail","6":"product_cat-bebes-y-ninos","7":"product_tag-juegos","8":"desktop-align-left","9":"tablet-align-left","10":"mobile-align-left","12":"first","13":"outofstock","14":"sale","15":"shipping-taxable","16":"purchasable","17":"product-type-variable"},"_links":{"self":[{"href":"https:\/\/hoyventas.com\/index.php\/wp-json\/wp\/v2\/product\/314","targetHints":{"allow":["GET"]}}],"collection":[{"href":"https:\/\/hoyventas.com\/index.php\/wp-json\/wp\/v2\/product"}],"about":[{"href":"https:\/\/hoyventas.com\/index.php\/wp-json\/wp\/v2\/types\/product"}],"wp:featuredmedia":[{"embeddable":true,"href":"https:\/\/hoyventas.com\/index.php\/wp-json\/wp\/v2\/media\/315"}],"wp:attachment":[{"href":"https:\/\/hoyventas.com\/index.php\/wp-json\/wp\/v2\/media?parent=314"}],"wp:term":[{"taxonomy":"product_brand","embeddable":true,"href":"https:\/\/hoyventas.com\/index.php\/wp-json\/wp\/v2\/product_brand?post=314"},{"taxonomy":"product_cat","embeddable":true,"href":"https:\/\/hoyventas.com\/index.php\/wp-json\/wp\/v2\/product_cat?post=314"},{"taxonomy":"product_tag","embeddable":true,"href":"https:\/\/hoyventas.com\/index.php\/wp-json\/wp\/v2\/product_tag?post=314"}],"curies":[{"name":"wp","href":"https:\/\/api.w.org\/{rel}","templated":true}]}}