{"id":466,"date":"2023-07-23T21:41:42","date_gmt":"2023-07-23T21:41:42","guid":{"rendered":"https:\/\/hoyventas.com\/?post_type=product&#038;p=466"},"modified":"2025-12-02T14:05:29","modified_gmt":"2025-12-02T14:05:29","slug":"reloj-smartwatch-bracelet","status":"publish","type":"product","link":"https:\/\/hoyventas.com\/index.php\/product\/reloj-smartwatch-bracelet\/","title":{"rendered":"RELOJ SMARTWATCH BRACELET"},"content":{"rendered":"<p>El reloj puede monitorizar los pasos, calor\u00edas, frecuencia card\u00edaca, distancia, calidad del sue\u00f1o, etc. Del d\u00eda. Al mismo tiempo, se puede conectar a un tel\u00e9fono inteligente para ver la informaci\u00f3n, tomar fotos de forma remota, recuperar tel\u00e9fonos m\u00f3viles y otras funciones reflexivas y convenientes para que su vida sea m\u00e1s conveniente.<\/p>\n<p>Funciones:<\/p>\n<ul>\n<li>Control de frecuencia card\u00edaca<\/li>\n<li>Monitoreo del sue\u00f1o<\/li>\n<li>Llamada bluetooth<\/li>\n<li>Reloj<\/li>\n<li>Recordatorio de SMS<\/li>\n<li>Notificaciones<\/li>\n<li>Reloj de alarma<\/li>\n<li>Modo multideportivo<\/li>\n<li>Calculador de pasos, distancia y calor\u00edas consumidas<\/li>\n<\/ul>\n<p>Medidas:<\/p>\n<ul>\n<li>Ancho: 3.5cm<\/li>\n<li>Largo: 4cm<\/li>\n<li>Alto: 1cm<\/li>\n<\/ul>\n","protected":false},"excerpt":{"rendered":"<p>El reloj puede monitorizar los pasos, calor\u00edas, frecuencia card\u00edaca, distancia, calidad del sue\u00f1o, etc. Del d\u00eda. Al mismo tiempo, se puede conectar a un tel\u00e9fono inteligente para ver la informaci\u00f3n, tomar fotos de forma remota, recuperar tel\u00e9fonos m\u00f3viles y otras funciones reflexivas y convenientes para que su vida sea m\u00e1s conveniente. Funciones: Control de frecuencia [&hellip;]<\/p>\n","protected":false},"featured_media":467,"template":"","meta":{"site-sidebar-layout":"default","site-content-layout":"default","ast-site-content-layout":"default","site-content-style":"default","site-sidebar-style":"default","ast-global-header-display":"","ast-banner-title-visibility":"","ast-main-header-display":"","ast-hfb-above-header-display":"","ast-hfb-below-header-display":"","ast-hfb-mobile-header-display":"","site-post-title":"","ast-breadcrumbs-content":"","ast-featured-img":"","footer-sml-layout":"","theme-transparent-header-meta":"default","adv-header-id-meta":"","stick-header-meta":"","header-above-stick-meta":"","header-main-stick-meta":"","header-below-stick-meta":"","astra-migrate-meta-layouts":"set","ast-page-background-enabled":"default","ast-page-background-meta":{"desktop":{"background-color":"var(--ast-global-color-4)","background-image":"","background-repeat":"repeat","background-position":"center center","background-size":"auto","background-attachment":"scroll","background-type":"","background-media":"","overlay-type":"","overlay-color":"","overlay-opacity":"","overlay-gradient":""},"tablet":{"background-color":"","background-image":"","background-repeat":"repeat","background-position":"center center","background-size":"auto","background-attachment":"scroll","background-type":"","background-media":"","overlay-type":"","overlay-color":"","overlay-opacity":"","overlay-gradient":""},"mobile":{"background-color":"","background-image":"","background-repeat":"repeat","background-position":"center center","background-size":"auto","background-attachment":"scroll","background-type":"","background-media":"","overlay-type":"","overlay-color":"","overlay-opacity":"","overlay-gradient":""}},"ast-content-background-meta":{"desktop":{"background-color":"var(--ast-global-color-5)","background-image":"","background-repeat":"repeat","background-position":"center center","background-size":"auto","background-attachment":"scroll","background-type":"","background-media":"","overlay-type":"","overlay-color":"","overlay-opacity":"","overlay-gradient":""},"tablet":{"background-color":"var(--ast-global-color-5)","background-image":"","background-repeat":"repeat","background-position":"center center","background-size":"auto","background-attachment":"scroll","background-type":"","background-media":"","overlay-type":"","overlay-color":"","overlay-opacity":"","overlay-gradient":""},"mobile":{"background-color":"var(--ast-global-color-5)","background-image":"","background-repeat":"repeat","background-position":"center center","background-size":"auto","background-attachment":"scroll","background-type":"","background-media":"","overlay-type":"","overlay-color":"","overlay-opacity":"","overlay-gradient":""}},"_joinchat":[]},"product_brand":[],"product_cat":[90,31],"product_tag":[],"class_list":{"0":"post-466","1":"product","2":"type-product","3":"status-publish","4":"has-post-thumbnail","6":"product_cat-bebes-y-ninos","7":"product_cat-fitness","8":"desktop-align-left","9":"tablet-align-left","10":"mobile-align-left","12":"first","13":"instock","14":"shipping-taxable","15":"purchasable","16":"product-type-variable"},"_links":{"self":[{"href":"https:\/\/hoyventas.com\/index.php\/wp-json\/wp\/v2\/product\/466","targetHints":{"allow":["GET"]}}],"collection":[{"href":"https:\/\/hoyventas.com\/index.php\/wp-json\/wp\/v2\/product"}],"about":[{"href":"https:\/\/hoyventas.com\/index.php\/wp-json\/wp\/v2\/types\/product"}],"wp:featuredmedia":[{"embeddable":true,"href":"https:\/\/hoyventas.com\/index.php\/wp-json\/wp\/v2\/media\/467"}],"wp:attachment":[{"href":"https:\/\/hoyventas.com\/index.php\/wp-json\/wp\/v2\/media?parent=466"}],"wp:term":[{"taxonomy":"product_brand","embeddable":true,"href":"https:\/\/hoyventas.com\/index.php\/wp-json\/wp\/v2\/product_brand?post=466"},{"taxonomy":"product_cat","embeddable":true,"href":"https:\/\/hoyventas.com\/index.php\/wp-json\/wp\/v2\/product_cat?post=466"},{"taxonomy":"product_tag","embeddable":true,"href":"https:\/\/hoyventas.com\/index.php\/wp-json\/wp\/v2\/product_tag?post=466"}],"curies":[{"name":"wp","href":"https:\/\/api.w.org\/{rel}","templated":true}]}}