{"id":524,"date":"2023-12-12T00:50:21","date_gmt":"2023-12-12T00:50:21","guid":{"rendered":"https:\/\/hoyventas.com\/?post_type=product&#038;p=524"},"modified":"2024-07-17T00:21:58","modified_gmt":"2024-07-17T00:21:58","slug":"canilleras-deportivas-para-ninos-18cm","status":"publish","type":"product","link":"https:\/\/hoyventas.com\/index.php\/product\/canilleras-deportivas-para-ninos-18cm\/","title":{"rendered":"Canilleras Deportivas Para Ni\u00f1os 18cm"},"content":{"rendered":"<p>Canillera para ni\u00f1os<br \/>\nLas canilleras son muy livianas, c\u00f3modas y se adaptan perfectamente a la pierna<br \/>\nCon ele\u00e1tico<br \/>\n_18 cm en su largo<br \/>\n_9 cm en su ancho<\/p>\n<p>Para prevenir lesiones como traumatismos o fracturas, permitiendo a los m\u00e1s peque\u00f1os practicar deporte de forma segura. No solo reducen los impactos, sino que tambi\u00e9n tienen un mejor rendimiento para ayudar a distribuir los golpes.<\/p>\n","protected":false},"excerpt":{"rendered":"<p>Canillera para ni\u00f1os Las canilleras son muy livianas, c\u00f3modas y se adaptan perfectamente a la pierna Con ele\u00e1tico _18 cm en su largo _9 cm en su ancho Para prevenir lesiones como traumatismos o fracturas, permitiendo a los m\u00e1s peque\u00f1os practicar deporte de forma segura. No solo reducen los impactos, sino que tambi\u00e9n tienen un [&hellip;]<\/p>\n","protected":false},"featured_media":527,"template":"","meta":{"site-sidebar-layout":"default","site-content-layout":"default","ast-site-content-layout":"","site-content-style":"default","site-sidebar-style":"default","ast-global-header-display":"","ast-banner-title-visibility":"","ast-main-header-display":"","ast-hfb-above-header-display":"","ast-hfb-below-header-display":"","ast-hfb-mobile-header-display":"","site-post-title":"","ast-breadcrumbs-content":"","ast-featured-img":"","footer-sml-layout":"","theme-transparent-header-meta":"default","adv-header-id-meta":"","stick-header-meta":"","header-above-stick-meta":"","header-main-stick-meta":"","header-below-stick-meta":"","astra-migrate-meta-layouts":"default","ast-page-background-enabled":"default","ast-page-background-meta":{"desktop":{"background-color":"var(--ast-global-color-4)","background-image":"","background-repeat":"repeat","background-position":"center center","background-size":"auto","background-attachment":"scroll","background-type":"","background-media":"","overlay-type":"","overlay-color":"","overlay-opacity":"","overlay-gradient":""},"tablet":{"background-color":"","background-image":"","background-repeat":"repeat","background-position":"center center","background-size":"auto","background-attachment":"scroll","background-type":"","background-media":"","overlay-type":"","overlay-color":"","overlay-opacity":"","overlay-gradient":""},"mobile":{"background-color":"","background-image":"","background-repeat":"repeat","background-position":"center center","background-size":"auto","background-attachment":"scroll","background-type":"","background-media":"","overlay-type":"","overlay-color":"","overlay-opacity":"","overlay-gradient":""}},"ast-content-background-meta":{"desktop":{"background-color":"var(--ast-global-color-5)","background-image":"","background-repeat":"repeat","background-position":"center center","background-size":"auto","background-attachment":"scroll","background-type":"","background-media":"","overlay-type":"","overlay-color":"","overlay-opacity":"","overlay-gradient":""},"tablet":{"background-color":"var(--ast-global-color-5)","background-image":"","background-repeat":"repeat","background-position":"center center","background-size":"auto","background-attachment":"scroll","background-type":"","background-media":"","overlay-type":"","overlay-color":"","overlay-opacity":"","overlay-gradient":""},"mobile":{"background-color":"var(--ast-global-color-5)","background-image":"","background-repeat":"repeat","background-position":"center center","background-size":"auto","background-attachment":"scroll","background-type":"","background-media":"","overlay-type":"","overlay-color":"","overlay-opacity":"","overlay-gradient":""}},"_joinchat":[]},"product_brand":[],"product_cat":[31],"product_tag":[115,111,40,39,52,113,112,114],"class_list":{"0":"post-524","1":"product","2":"type-product","3":"status-publish","4":"has-post-thumbnail","6":"product_cat-fitness","7":"product_tag-baby-futbol","8":"product_tag-canillera","9":"product_tag-deporte","10":"product_tag-entrenamiento","11":"product_tag-futbol","12":"product_tag-nina","13":"product_tag-nino","14":"product_tag-practica","15":"desktop-align-left","16":"tablet-align-left","17":"mobile-align-left","19":"first","20":"outofstock","21":"shipping-taxable","22":"purchasable","23":"product-type-variable"},"_links":{"self":[{"href":"https:\/\/hoyventas.com\/index.php\/wp-json\/wp\/v2\/product\/524","targetHints":{"allow":["GET"]}}],"collection":[{"href":"https:\/\/hoyventas.com\/index.php\/wp-json\/wp\/v2\/product"}],"about":[{"href":"https:\/\/hoyventas.com\/index.php\/wp-json\/wp\/v2\/types\/product"}],"wp:featuredmedia":[{"embeddable":true,"href":"https:\/\/hoyventas.com\/index.php\/wp-json\/wp\/v2\/media\/527"}],"wp:attachment":[{"href":"https:\/\/hoyventas.com\/index.php\/wp-json\/wp\/v2\/media?parent=524"}],"wp:term":[{"taxonomy":"product_brand","embeddable":true,"href":"https:\/\/hoyventas.com\/index.php\/wp-json\/wp\/v2\/product_brand?post=524"},{"taxonomy":"product_cat","embeddable":true,"href":"https:\/\/hoyventas.com\/index.php\/wp-json\/wp\/v2\/product_cat?post=524"},{"taxonomy":"product_tag","embeddable":true,"href":"https:\/\/hoyventas.com\/index.php\/wp-json\/wp\/v2\/product_tag?post=524"}],"curies":[{"name":"wp","href":"https:\/\/api.w.org\/{rel}","templated":true}]}}