{"id":56,"date":"2023-03-18T14:18:11","date_gmt":"2023-03-18T14:18:11","guid":{"rendered":"https:\/\/hoyventas.com\/?post_type=product&#038;p=56"},"modified":"2026-03-06T12:04:33","modified_gmt":"2026-03-06T12:04:33","slug":"set-de-5-bandas-elasticas","status":"publish","type":"product","link":"https:\/\/hoyventas.com\/index.php\/product\/set-de-5-bandas-elasticas\/","title":{"rendered":"Set de 5 bandas el\u00e1sticas"},"content":{"rendered":"<p>Kit Set 5 Bandas El\u00e1sticas Resistencia Ejercicio + Bolso<\/p>\n<p>Medidas de las bandas:<br \/>\nTensi\u00f3n Extra Baja (Verde) 300 X 50 X 0.5mm<br \/>\nTensi\u00f3n Baja (Azul) 300 X 50 X 0.7mm<br \/>\nTensi\u00f3n Media (Amarilla) 300 X 50 X 0.9mm<br \/>\nTensi\u00f3n Alta (Roja) 300 X 50 X 1 mm<br \/>\nTensi\u00f3n Extra Alta (Negra) 300 X 50 X 1.25 mm<\/p>\n<p>Pack de 5 bandas el\u00e1sticas<br \/>\n_ De todas las resistencias, baja, Media Baja, Media, Alta, Muy Alta.<br \/>\n_100% l\u00e1tex natural de alta calidad.<br \/>\n_Perfecto para yoga, pilates y entrenamiento funcional.<br \/>\n_F\u00e1cil de manejar.<\/p>\n","protected":false},"excerpt":{"rendered":"<p>Kit Set 5 Bandas El\u00e1sticas Resistencia Ejercicio + Bolso Medidas de las bandas: Tensi\u00f3n Extra Baja (Verde) 300 X 50 X 0.5mm Tensi\u00f3n Baja (Azul) 300 X 50 X 0.7mm Tensi\u00f3n Media (Amarilla) 300 X 50 X 0.9mm Tensi\u00f3n Alta (Roja) 300 X 50 X 1 mm Tensi\u00f3n Extra Alta (Negra) 300 X 50 X [&hellip;]<\/p>\n","protected":false},"featured_media":25,"template":"","meta":{"site-sidebar-layout":"default","site-content-layout":"default","ast-site-content-layout":"default","site-content-style":"default","site-sidebar-style":"default","ast-global-header-display":"","ast-banner-title-visibility":"","ast-main-header-display":"","ast-hfb-above-header-display":"","ast-hfb-below-header-display":"","ast-hfb-mobile-header-display":"","site-post-title":"","ast-breadcrumbs-content":"","ast-featured-img":"","footer-sml-layout":"","theme-transparent-header-meta":"default","adv-header-id-meta":"","stick-header-meta":"","header-above-stick-meta":"","header-main-stick-meta":"","header-below-stick-meta":"","astra-migrate-meta-layouts":"set","ast-page-background-enabled":"default","ast-page-background-meta":{"desktop":{"background-color":"var(--ast-global-color-4)","background-image":"","background-repeat":"repeat","background-position":"center center","background-size":"auto","background-attachment":"scroll","background-type":"","background-media":"","overlay-type":"","overlay-color":"","overlay-opacity":"","overlay-gradient":""},"tablet":{"background-color":"","background-image":"","background-repeat":"repeat","background-position":"center center","background-size":"auto","background-attachment":"scroll","background-type":"","background-media":"","overlay-type":"","overlay-color":"","overlay-opacity":"","overlay-gradient":""},"mobile":{"background-color":"","background-image":"","background-repeat":"repeat","background-position":"center center","background-size":"auto","background-attachment":"scroll","background-type":"","background-media":"","overlay-type":"","overlay-color":"","overlay-opacity":"","overlay-gradient":""}},"ast-content-background-meta":{"desktop":{"background-color":"var(--ast-global-color-5)","background-image":"","background-repeat":"repeat","background-position":"center center","background-size":"auto","background-attachment":"scroll","background-type":"","background-media":"","overlay-type":"","overlay-color":"","overlay-opacity":"","overlay-gradient":""},"tablet":{"background-color":"var(--ast-global-color-5)","background-image":"","background-repeat":"repeat","background-position":"center center","background-size":"auto","background-attachment":"scroll","background-type":"","background-media":"","overlay-type":"","overlay-color":"","overlay-opacity":"","overlay-gradient":""},"mobile":{"background-color":"var(--ast-global-color-5)","background-image":"","background-repeat":"repeat","background-position":"center center","background-size":"auto","background-attachment":"scroll","background-type":"","background-media":"","overlay-type":"","overlay-color":"","overlay-opacity":"","overlay-gradient":""}},"_joinchat":[]},"product_brand":[],"product_cat":[166,31],"product_tag":[32,36,34,35,40,38,33,39,42,41,37],"class_list":{"0":"post-56","1":"product","2":"type-product","3":"status-publish","4":"has-post-thumbnail","6":"product_cat-dia-de-la-madre","7":"product_cat-fitness","8":"product_tag-banda","9":"product_tag-banda-circular","10":"product_tag-banda-elastica","11":"product_tag-bandas-elasticas","12":"product_tag-deporte","13":"product_tag-ejercicio","14":"product_tag-elastica","15":"product_tag-entrenamiento","16":"product_tag-gimnasio","17":"product_tag-gym","18":"product_tag-kit-fitness","19":"desktop-align-left","20":"tablet-align-left","21":"mobile-align-left","23":"first","24":"instock","25":"sale","26":"shipping-taxable","27":"purchasable","28":"product-type-simple"},"_links":{"self":[{"href":"https:\/\/hoyventas.com\/index.php\/wp-json\/wp\/v2\/product\/56","targetHints":{"allow":["GET"]}}],"collection":[{"href":"https:\/\/hoyventas.com\/index.php\/wp-json\/wp\/v2\/product"}],"about":[{"href":"https:\/\/hoyventas.com\/index.php\/wp-json\/wp\/v2\/types\/product"}],"wp:featuredmedia":[{"embeddable":true,"href":"https:\/\/hoyventas.com\/index.php\/wp-json\/wp\/v2\/media\/25"}],"wp:attachment":[{"href":"https:\/\/hoyventas.com\/index.php\/wp-json\/wp\/v2\/media?parent=56"}],"wp:term":[{"taxonomy":"product_brand","embeddable":true,"href":"https:\/\/hoyventas.com\/index.php\/wp-json\/wp\/v2\/product_brand?post=56"},{"taxonomy":"product_cat","embeddable":true,"href":"https:\/\/hoyventas.com\/index.php\/wp-json\/wp\/v2\/product_cat?post=56"},{"taxonomy":"product_tag","embeddable":true,"href":"https:\/\/hoyventas.com\/index.php\/wp-json\/wp\/v2\/product_tag?post=56"}],"curies":[{"name":"wp","href":"https:\/\/api.w.org\/{rel}","templated":true}]}}