{"id":571,"date":"2023-12-12T02:14:50","date_gmt":"2023-12-12T02:14:50","guid":{"rendered":"https:\/\/hoyventas.com\/?post_type=product&#038;p=571"},"modified":"2024-08-01T22:20:45","modified_gmt":"2024-08-01T22:20:45","slug":"juego-dentista-infantil-completo-set-odontologia-con-accesorio","status":"publish","type":"product","link":"https:\/\/hoyventas.com\/index.php\/product\/juego-dentista-infantil-completo-set-odontologia-con-accesorio\/","title":{"rendered":"Juego Dentista Infantil Completo Set Odontolog\u00eda Con Accesorio"},"content":{"rendered":"<p>Set dentista<br \/>\nVarios art\u00edculos para la diversi\u00f3n y el aprendizaje de los ni\u00f1os<br \/>\nPinzas, Cepillo, Pasta, Dientes, Taladros, entre otros art\u00edculos que se pueden ver en la imagines<br \/>\nIdeal para los m\u00e1s peque\u00f1os<br \/>\nAprender jugando<br \/>\nMedidas del empaque: 28x20x4cm.<br \/>\nPresentaci\u00f3n en caja<br \/>\nEn Rosa o Azul<\/p>\n","protected":false},"excerpt":{"rendered":"<p>Set dentista Varios art\u00edculos para la diversi\u00f3n y el aprendizaje de los ni\u00f1os Pinzas, Cepillo, Pasta, Dientes, Taladros, entre otros art\u00edculos que se pueden ver en la imagines Ideal para los m\u00e1s peque\u00f1os Aprender jugando Medidas del empaque: 28x20x4cm. Presentaci\u00f3n en caja En Rosa o Azul<\/p>\n","protected":false},"featured_media":573,"template":"","meta":{"site-sidebar-layout":"default","site-content-layout":"default","ast-site-content-layout":"","site-content-style":"default","site-sidebar-style":"default","ast-global-header-display":"","ast-banner-title-visibility":"","ast-main-header-display":"","ast-hfb-above-header-display":"","ast-hfb-below-header-display":"","ast-hfb-mobile-header-display":"","site-post-title":"","ast-breadcrumbs-content":"","ast-featured-img":"","footer-sml-layout":"","theme-transparent-header-meta":"default","adv-header-id-meta":"","stick-header-meta":"","header-above-stick-meta":"","header-main-stick-meta":"","header-below-stick-meta":"","astra-migrate-meta-layouts":"default","ast-page-background-enabled":"default","ast-page-background-meta":{"desktop":{"background-color":"var(--ast-global-color-4)","background-image":"","background-repeat":"repeat","background-position":"center center","background-size":"auto","background-attachment":"scroll","background-type":"","background-media":"","overlay-type":"","overlay-color":"","overlay-opacity":"","overlay-gradient":""},"tablet":{"background-color":"","background-image":"","background-repeat":"repeat","background-position":"center center","background-size":"auto","background-attachment":"scroll","background-type":"","background-media":"","overlay-type":"","overlay-color":"","overlay-opacity":"","overlay-gradient":""},"mobile":{"background-color":"","background-image":"","background-repeat":"repeat","background-position":"center center","background-size":"auto","background-attachment":"scroll","background-type":"","background-media":"","overlay-type":"","overlay-color":"","overlay-opacity":"","overlay-gradient":""}},"ast-content-background-meta":{"desktop":{"background-color":"var(--ast-global-color-5)","background-image":"","background-repeat":"repeat","background-position":"center center","background-size":"auto","background-attachment":"scroll","background-type":"","background-media":"","overlay-type":"","overlay-color":"","overlay-opacity":"","overlay-gradient":""},"tablet":{"background-color":"var(--ast-global-color-5)","background-image":"","background-repeat":"repeat","background-position":"center center","background-size":"auto","background-attachment":"scroll","background-type":"","background-media":"","overlay-type":"","overlay-color":"","overlay-opacity":"","overlay-gradient":""},"mobile":{"background-color":"var(--ast-global-color-5)","background-image":"","background-repeat":"repeat","background-position":"center center","background-size":"auto","background-attachment":"scroll","background-type":"","background-media":"","overlay-type":"","overlay-color":"","overlay-opacity":"","overlay-gradient":""}},"_joinchat":[]},"product_brand":[],"product_cat":[90],"product_tag":[124,125,113,95,112,93,94],"class_list":{"0":"post-571","1":"product","2":"type-product","3":"status-publish","4":"has-post-thumbnail","6":"product_cat-bebes-y-ninos","7":"product_tag-dentista","8":"product_tag-juego-doctor","9":"product_tag-nina","10":"product_tag-ninas","11":"product_tag-nino","12":"product_tag-ninos","13":"product_tag-para-ninos","14":"desktop-align-left","15":"tablet-align-left","16":"mobile-align-left","18":"first","19":"instock","20":"shipping-taxable","21":"purchasable","22":"product-type-variable"},"_links":{"self":[{"href":"https:\/\/hoyventas.com\/index.php\/wp-json\/wp\/v2\/product\/571","targetHints":{"allow":["GET"]}}],"collection":[{"href":"https:\/\/hoyventas.com\/index.php\/wp-json\/wp\/v2\/product"}],"about":[{"href":"https:\/\/hoyventas.com\/index.php\/wp-json\/wp\/v2\/types\/product"}],"wp:featuredmedia":[{"embeddable":true,"href":"https:\/\/hoyventas.com\/index.php\/wp-json\/wp\/v2\/media\/573"}],"wp:attachment":[{"href":"https:\/\/hoyventas.com\/index.php\/wp-json\/wp\/v2\/media?parent=571"}],"wp:term":[{"taxonomy":"product_brand","embeddable":true,"href":"https:\/\/hoyventas.com\/index.php\/wp-json\/wp\/v2\/product_brand?post=571"},{"taxonomy":"product_cat","embeddable":true,"href":"https:\/\/hoyventas.com\/index.php\/wp-json\/wp\/v2\/product_cat?post=571"},{"taxonomy":"product_tag","embeddable":true,"href":"https:\/\/hoyventas.com\/index.php\/wp-json\/wp\/v2\/product_tag?post=571"}],"curies":[{"name":"wp","href":"https:\/\/api.w.org\/{rel}","templated":true}]}}