{"id":578,"date":"2023-12-12T02:20:51","date_gmt":"2023-12-12T02:20:51","guid":{"rendered":"https:\/\/hoyventas.com\/?post_type=product&#038;p=578"},"modified":"2023-12-12T02:20:51","modified_gmt":"2023-12-12T02:20:51","slug":"juego-doctor-infantil-completo-set-doctora-con-accesorio","status":"publish","type":"product","link":"https:\/\/hoyventas.com\/index.php\/product\/juego-doctor-infantil-completo-set-doctora-con-accesorio\/","title":{"rendered":"Juego Doctor Infantil Completo Set Doctora Con Accesorio"},"content":{"rendered":"<p>Set Doctor<br \/>\nVarios art\u00edculos para la diversi\u00f3n y el aprendizaje de los ni\u00f1os<\/p>\n<p>Ideal para los m\u00e1s peque\u00f1os<br \/>\nAprender jugando<br \/>\nMedidas del empaque: 28x20x4cm.<br \/>\nPresentaci\u00f3n en caja<br \/>\nEn Rosa o Azul<\/p>\n","protected":false},"excerpt":{"rendered":"<p>Set Doctor Varios art\u00edculos para la diversi\u00f3n y el aprendizaje de los ni\u00f1os Ideal para los m\u00e1s peque\u00f1os Aprender jugando Medidas del empaque: 28x20x4cm. Presentaci\u00f3n en caja En Rosa o Azul<\/p>\n","protected":false},"featured_media":579,"template":"","meta":{"site-sidebar-layout":"default","site-content-layout":"default","ast-site-content-layout":"","site-content-style":"default","site-sidebar-style":"default","ast-global-header-display":"","ast-banner-title-visibility":"","ast-main-header-display":"","ast-hfb-above-header-display":"","ast-hfb-below-header-display":"","ast-hfb-mobile-header-display":"","site-post-title":"","ast-breadcrumbs-content":"","ast-featured-img":"","footer-sml-layout":"","theme-transparent-header-meta":"default","adv-header-id-meta":"","stick-header-meta":"","header-above-stick-meta":"","header-main-stick-meta":"","header-below-stick-meta":"","astra-migrate-meta-layouts":"default","ast-page-background-enabled":"default","ast-page-background-meta":{"desktop":{"background-color":"var(--ast-global-color-4)","background-image":"","background-repeat":"repeat","background-position":"center center","background-size":"auto","background-attachment":"scroll","background-type":"","background-media":"","overlay-type":"","overlay-color":"","overlay-opacity":"","overlay-gradient":""},"tablet":{"background-color":"","background-image":"","background-repeat":"repeat","background-position":"center center","background-size":"auto","background-attachment":"scroll","background-type":"","background-media":"","overlay-type":"","overlay-color":"","overlay-opacity":"","overlay-gradient":""},"mobile":{"background-color":"","background-image":"","background-repeat":"repeat","background-position":"center center","background-size":"auto","background-attachment":"scroll","background-type":"","background-media":"","overlay-type":"","overlay-color":"","overlay-opacity":"","overlay-gradient":""}},"ast-content-background-meta":{"desktop":{"background-color":"var(--ast-global-color-5)","background-image":"","background-repeat":"repeat","background-position":"center center","background-size":"auto","background-attachment":"scroll","background-type":"","background-media":"","overlay-type":"","overlay-color":"","overlay-opacity":"","overlay-gradient":""},"tablet":{"background-color":"var(--ast-global-color-5)","background-image":"","background-repeat":"repeat","background-position":"center center","background-size":"auto","background-attachment":"scroll","background-type":"","background-media":"","overlay-type":"","overlay-color":"","overlay-opacity":"","overlay-gradient":""},"mobile":{"background-color":"var(--ast-global-color-5)","background-image":"","background-repeat":"repeat","background-position":"center center","background-size":"auto","background-attachment":"scroll","background-type":"","background-media":"","overlay-type":"","overlay-color":"","overlay-opacity":"","overlay-gradient":""}},"_joinchat":[]},"product_brand":[],"product_cat":[90],"product_tag":[121,125,91,113,95,112,93,94],"class_list":{"0":"post-578","1":"product","2":"type-product","3":"status-publish","4":"has-post-thumbnail","6":"product_cat-bebes-y-ninos","7":"product_tag-juego","8":"product_tag-juego-doctor","9":"product_tag-juegos","10":"product_tag-nina","11":"product_tag-ninas","12":"product_tag-nino","13":"product_tag-ninos","14":"product_tag-para-ninos","15":"desktop-align-left","16":"tablet-align-left","17":"mobile-align-left","19":"first","20":"instock","21":"shipping-taxable","22":"product-type-variable"},"_links":{"self":[{"href":"https:\/\/hoyventas.com\/index.php\/wp-json\/wp\/v2\/product\/578","targetHints":{"allow":["GET"]}}],"collection":[{"href":"https:\/\/hoyventas.com\/index.php\/wp-json\/wp\/v2\/product"}],"about":[{"href":"https:\/\/hoyventas.com\/index.php\/wp-json\/wp\/v2\/types\/product"}],"wp:featuredmedia":[{"embeddable":true,"href":"https:\/\/hoyventas.com\/index.php\/wp-json\/wp\/v2\/media\/579"}],"wp:attachment":[{"href":"https:\/\/hoyventas.com\/index.php\/wp-json\/wp\/v2\/media?parent=578"}],"wp:term":[{"taxonomy":"product_brand","embeddable":true,"href":"https:\/\/hoyventas.com\/index.php\/wp-json\/wp\/v2\/product_brand?post=578"},{"taxonomy":"product_cat","embeddable":true,"href":"https:\/\/hoyventas.com\/index.php\/wp-json\/wp\/v2\/product_cat?post=578"},{"taxonomy":"product_tag","embeddable":true,"href":"https:\/\/hoyventas.com\/index.php\/wp-json\/wp\/v2\/product_tag?post=578"}],"curies":[{"name":"wp","href":"https:\/\/api.w.org\/{rel}","templated":true}]}}